 {"id":490050,"date":"2025-07-27T04:17:23","date_gmt":"2025-07-27T04:17:23","guid":{"rendered":"https:\/\/www.rocket2fame.com\/?post_type=product&#038;p=490050"},"modified":"2026-03-11T13:56:53","modified_gmt":"2026-03-11T13:56:53","slug":"linkedin-followers","status":"publish","type":"product","link":"https:\/\/www.rocket2fame.com\/de\/services\/linkedin-followers\/","title":{"rendered":"LinkedIn-Follower"},"content":{"rendered":"<h2>Mi\u00e9rt v\u00e1s\u00e1roljunk LinkedIn-k\u00f6vet\u0151ket?<\/h2>\n<p>A LinkedIn a legjobb k\u00f6z\u00f6ss\u00e9gi h\u00e1l\u00f3zat a munk\u00e1ltat\u00f3k \u00e9s a munkav\u00e1llal\u00f3k sz\u00e1m\u00e1ra. Kiv\u00e1l\u00f3 LinkedIn-profillal n\u00f6velheti h\u00edrnev\u00e9t a professzion\u00e1lis vil\u00e1gban.<\/p>\n<p>Azonban egy kiv\u00e1l\u00f3 profil kev\u00e9s k\u00f6vet\u0151vel \u00e9letk\u00e9pes, ha val\u00f3di emberekr\u0151l van sz\u00f3, mert alig t\u00f6bb mint 500 LinkedIn kapcsolattal\/k\u00f6vet\u0151vel m\u00e1r hiteles. Ha azonban v\u00e1llalkoz\u00e1sokr\u00f3l, v\u00e1llalatokr\u00f3l, v\u00e1llalkoz\u00e1sokr\u00f3l \u00e9s m\u00e1s csoportokr\u00f3l van sz\u00f3, ez m\u00e1r nem el\u00e9g.<\/p>\n<p>Ha nagyszer\u0171 profilt szeretne a v\u00e1llalkoz\u00e1s\u00e1nak, akkor sok linkedin k\u00f6vet\u0151vel kell rendelkeznie. Sok szervezet fekteti idej\u00e9t \u00e9s p\u00e9nz\u00e9t LinkedIn k\u00f6vet\u0151k v\u00e1s\u00e1rl\u00e1s\u00e1ba.<\/p>\n<p>Ez lehet\u0151v\u00e9 teszi, hogy n\u00f6velje el\u0151fizet\u0151inek teljes sz\u00e1m\u00e1t. M\u00e1sok sz\u00e1m\u00e1ra az \u00d6n v\u00e1llalkoz\u00e1sa egy nagy c\u00e9gnek t\u0171nik, sok k\u00f6vet\u0151vel a linkedin profilj\u00e1n.<\/p>\n<p>A k\u00e9rd\u00e9s azonban az, hogy hogyan lehet min\u0151s\u00e9gi linkedin k\u00f6vet\u0151ket v\u00e1s\u00e1rolni. K\u00e9ts\u00e9gei lehetnek az ilyen t\u00edpus\u00fa szolg\u00e1ltat\u00e1sokkal kapcsolatban. Lehet tudni, hogy m\u0171k\u00f6dnek-e.<\/p>\n<p>\u00c9rdemes megismerni a legjobb LinkedIn rajong\u00f3i v\u00e1s\u00e1rl\u00e1si szolg\u00e1ltat\u00e1sokat. Az al\u00e1bbiakban eloszlatjuk a kovetok.com \u00e1ltal k\u00edn\u00e1lt LinkedIn k\u00f6vet\u0151k v\u00e1s\u00e1rl\u00e1si folyamat\u00e1val kapcsolatos k\u00e9ts\u00e9geit \u00e9s k\u00e9rd\u00e9seit, ez\u00e1ltal lehet\u0151v\u00e9 t\u00e9ve, hogy teljes biztons\u00e1gban v\u00e1s\u00e1roljon LinkedIn k\u00f6vet\u0151ket Paypallal.<\/p>\n<h2>Hogyan v\u00e1s\u00e1rolhatok LinkedIn k\u00f6vet\u0151ket?<\/h2>\n<p>Ha megtal\u00e1ltad, a pihen\u00e9s csak formalit\u00e1s. Ki kell sz\u00e1molnod a k\u00edv\u00e1nt val\u00f3s linkedin k\u00f6vet\u0151k sz\u00e1m\u00e1t.<\/p>\n<ul>\n<li>V\u00e1lassza ki azt a webhelyet, amely a legmegfelel\u0151bbnek t\u0171nik a prom\u00f3ci\u00f3hoz<\/li>\n<li>V\u00e1lassza ki az ig\u00e9nyeinek legjobban megfelel\u0151 LinkedIn k\u00f6vet\u0151csomagot<\/li>\n<li>Kifizesse a k\u00edv\u00e1nt csomag \u00f6sszeg\u00e9t<\/li>\n<li>V\u00e1rja meg, am\u00edg megkapja feliratkoz\u00f3it<\/li>\n<\/ul>\n<p>Ha t\u0151l\u00fcnk rendel, akkor nem kell agg\u00f3dnia LinkedIn-profilja biztons\u00e1ga miatt. Nem sz\u00fcks\u00e9ges megadni a fi\u00f3k bejelentkez\u00e9si azonos\u00edt\u00f3j\u00e1t vagy jelszav\u00e1t, csak egy linkre van sz\u00fcks\u00e9g\u00fcnk, amely lehet\u0151v\u00e9 teszi, hogy el\u00e9rj\u00fck linkedin oldal\u00e1t a prom\u00f3ci\u00f3 elind\u00edt\u00e1s\u00e1hoz.<\/p>\n<h2>kovetok.com \u2013 k\u00f6z\u00f6ss\u00e9gi m\u00e9dia marketing specialista<\/h2>\n<p>Ha szeretne LinkedIn-k\u00f6vet\u0151ket v\u00e1s\u00e1rolni a Paypal seg\u00edts\u00e9g\u00e9vel, akkor a kovetok.com val\u00f3sz\u00edn\u0171leg az az oldal, ahol \u00e9rdemes megv\u00e1s\u00e1rolnia LinkedIn-rajong\u00f3it.<\/p>\n<p>Mivel csak min\u0151s\u00e9gi Linkedin-k\u00f6vet\u0151ket biztos\u00edtunk, \u00d6n optimaliz\u00e1lja annak es\u00e9ly\u00e9t, hogy potenci\u00e1lisan meggy\u0151z\u0151 eredm\u00e9nyeket \u00e9rjen el, miut\u00e1n Linkedin-k\u00f6vet\u0151ket v\u00e1s\u00e1rol.<\/p>\n<p>A fizet\u00e9s ut\u00e1n n\u00e9h\u00e1ny \u00f3r\u00e1ba telhet, am\u00edg az \u00f6sszes megrendelt k\u00f6vet\u0151 megjelenik a profilodban.<\/p>\n<p>LinkedIn-k\u00f6vet\u0151 (m\u00e1s n\u00e9ven LinkedIn-el\u0151fizet\u0151) v\u00e1s\u00e1rl\u00e1s\u00e1hoz a k\u00edv\u00e1nt el\u0151fizet\u0151k sz\u00e1m\u00e1t\u00f3l f\u00fcgg\u0151en v\u00e1ltoz\u00f3 \u00f6sszeget kell fizetnie. Ne feledje, hogy min\u00e9l t\u00f6bb k\u00f6vet\u0151t v\u00e1s\u00e1rol egyszerre, ann\u00e1l jobb az \u00e1r, ez egyszer\u0171en az\u00e9rt van, mert nek\u00fcnk sokkal olcs\u00f3bb a nagy rendel\u00e9sek kezel\u00e9se, nem pedig a t\u00f6bb kis megrendel\u00e9st.<\/p>\n<p>Szolg\u00e1ltat\u00e1sainknak k\u00f6sz\u00f6nhet\u0151en kis vagy nagy mennyis\u00e9gben v\u00e1s\u00e1rolhat LinkedIn el\u0151fizet\u0151ket Paypallal. Val\u00f3j\u00e1ban nagyon j\u00f3l v\u00e1s\u00e1rolhat 100, 200, 500, 1000, 2000, 5000 vagy ak\u00e1r 10 ezer k\u00f6vet\u0151t. Ha szeretne v\u00e1s\u00e1rolni n\u00e9h\u00e1ny LinkedIn rajong\u00f3t, hogy tesztelje szolg\u00e1ltat\u00e1sainkat, az els\u0151 v\u00e1s\u00e1rl\u00e1st 100 k\u00f6vet\u0151re korl\u00e1tozhatja.<\/p>\n<p>A kovetok.com-on teh\u00e1t a piacon el\u00e9rhet\u0151 legjobb min\u0151s\u00e9g\u0171 Linkedin k\u00f6vet\u0151ket v\u00e1s\u00e1rolhatja meg an\u00e9lk\u00fcl, hogy elfelejten\u00e9, hogy egyben az egyik legjobb magyarul besz\u00e9l\u0151 vev\u0151szolg\u00e1latot is k\u00edn\u00e1ljuk, ha nem a leggyorsabb magyarul besz\u00e9l\u0151 vev\u0151szolg\u00e1latot a szektorban.<\/p>\n<p>Val\u00f3j\u00e1ban a h\u00e9t h\u00e9t minden napj\u00e1n h\u00e9t minden nap nyitva tart\u00f3 \u00e9rt\u00e9kes\u00edt\u00e9s ut\u00e1ni szolg\u00e1ltat\u00e1sunk minden nap kem\u00e9nyen dolgozik azon, hogy a legjobb aj\u00e1nlatokat k\u00edn\u00e1lhassa \u00d6nnek a k\u00f6z\u00f6ss\u00e9gi h\u00e1l\u00f3zatokon val\u00f3 fejleszt\u00e9si ig\u00e9nyeinek kiel\u00e9g\u00edt\u00e9s\u00e9re, \u00e9s v\u00e1laszoljon k\u00fcl\u00f6nf\u00e9le k\u00e9rd\u00e9seire.<\/p>","protected":false},"excerpt":{"rendered":"<p>Mi\u00e9rt v\u00e1s\u00e1roljunk LinkedIn-k\u00f6vet\u0151ket? A LinkedIn a legjobb k\u00f6z\u00f6ss\u00e9gi h\u00e1l\u00f3zat a munk\u00e1ltat\u00f3k \u00e9s a munkav\u00e1llal\u00f3k sz\u00e1m\u00e1ra. Kiv\u00e1l\u00f3 LinkedIn-profillal n\u00f6velheti h\u00edrnev\u00e9t a [&hellip;]<\/p>","protected":false},"featured_media":489832,"template":"","meta":{"site-sidebar-layout":"default","site-content-layout":"default","ast-site-content-layout":"default","site-content-style":"default","site-sidebar-style":"default","ast-global-header-display":"","ast-banner-title-visibility":"","ast-main-header-display":"","ast-hfb-above-header-display":"","ast-hfb-below-header-display":"","ast-hfb-mobile-header-display":"","site-post-title":"","ast-breadcrumbs-content":"","ast-featured-img":"","footer-sml-layout":"","theme-transparent-header-meta":"default","adv-header-id-meta":"","stick-header-meta":"","header-above-stick-meta":"","header-main-stick-meta":"","header-below-stick-meta":"","astra-migrate-meta-layouts":"set","ast-page-background-enabled":"default","ast-page-background-meta":{"desktop":{"background-color":"var(--ast-global-color-5)","background-image":"","background-repeat":"repeat","background-position":"center center","background-size":"auto","background-attachment":"scroll","background-type":"","background-media":"","overlay-type":"","overlay-color":"","overlay-opacity":"","overlay-gradient":""},"tablet":{"background-color":"","background-image":"","background-repeat":"repeat","background-position":"center center","background-size":"auto","background-attachment":"scroll","background-type":"","background-media":"","overlay-type":"","overlay-color":"","overlay-opacity":"","overlay-gradient":""},"mobile":{"background-color":"","background-image":"","background-repeat":"repeat","background-position":"center center","background-size":"auto","background-attachment":"scroll","background-type":"","background-media":"","overlay-type":"","overlay-color":"","overlay-opacity":"","overlay-gradient":""}},"ast-content-background-meta":{"desktop":{"background-color":"var(--ast-global-color-4)","background-image":"","background-repeat":"repeat","background-position":"center center","background-size":"auto","background-attachment":"scroll","background-type":"","background-media":"","overlay-type":"","overlay-color":"","overlay-opacity":"","overlay-gradient":""},"tablet":{"background-color":"var(--ast-global-color-4)","background-image":"","background-repeat":"repeat","background-position":"center center","background-size":"auto","background-attachment":"scroll","background-type":"","background-media":"","overlay-type":"","overlay-color":"","overlay-opacity":"","overlay-gradient":""},"mobile":{"background-color":"var(--ast-global-color-4)","background-image":"","background-repeat":"repeat","background-position":"center center","background-size":"auto","background-attachment":"scroll","background-type":"","background-media":"","overlay-type":"","overlay-color":"","overlay-opacity":"","overlay-gradient":""}}},"product_brand":[],"product_cat":[242],"product_tag":[],"class_list":{"0":"post-490050","1":"product","2":"type-product","3":"status-publish","4":"has-post-thumbnail","6":"product_cat-linkedin","7":"desktop-align-left","8":"tablet-align-left","9":"mobile-align-left","11":"first","12":"instock","13":"sold-individually","14":"shipping-taxable","15":"purchasable","16":"product-type-variable","17":"has-default-attributes"},"yoast_head":"<!-- This site is optimized with the Yoast SEO plugin v25.3.1 - https:\/\/yoast.com\/wordpress\/plugins\/seo\/ -->\n<title>Linkedin Followers - Rocket2fame<\/title>\n<meta name=\"robots\" content=\"index, follow, max-snippet:-1, max-image-preview:large, max-video-preview:-1\" \/>\n<link rel=\"canonical\" href=\"https:\/\/www.rocket2fame.com\/de\/services\/linkedin-followers\/\" \/>\n<meta property=\"og:locale\" content=\"de_DE\" \/>\n<meta property=\"og:type\" content=\"article\" \/>\n<meta property=\"og:title\" content=\"Linkedin Followers - Rocket2fame\" \/>\n<meta property=\"og:description\" content=\"Mi\u00e9rt v\u00e1s\u00e1roljunk LinkedIn-k\u00f6vet\u0151ket? A LinkedIn a legjobb k\u00f6z\u00f6ss\u00e9gi h\u00e1l\u00f3zat a munk\u00e1ltat\u00f3k \u00e9s a munkav\u00e1llal\u00f3k sz\u00e1m\u00e1ra. Kiv\u00e1l\u00f3 LinkedIn-profillal n\u00f6velheti h\u00edrnev\u00e9t a [&hellip;]\" \/>\n<meta property=\"og:url\" content=\"https:\/\/www.rocket2fame.com\/de\/services\/linkedin-followers\/\" \/>\n<meta property=\"og:site_name\" content=\"Rocket2fame\" \/>\n<meta property=\"article:modified_time\" content=\"2026-03-11T13:56:53+00:00\" \/>\n<meta property=\"og:image\" content=\"https:\/\/www.rocket2fame.com\/wp-content\/uploads\/2025\/07\/targeting.png\" \/>\n\t<meta property=\"og:image:width\" content=\"512\" \/>\n\t<meta property=\"og:image:height\" content=\"512\" \/>\n\t<meta property=\"og:image:type\" content=\"image\/png\" \/>\n<meta name=\"twitter:card\" content=\"summary_large_image\" \/>\n<meta name=\"twitter:label1\" content=\"Gesch\u00e4tzte Lesezeit\" \/>\n\t<meta name=\"twitter:data1\" content=\"3\u00a0Minuten\" \/>\n<script type=\"application\/ld+json\" class=\"yoast-schema-graph\">{\"@context\":\"https:\/\/schema.org\",\"@graph\":[{\"@type\":\"WebPage\",\"@id\":\"https:\/\/www.rocket2fame.com\/services\/linkedin-followers\/\",\"url\":\"https:\/\/www.rocket2fame.com\/services\/linkedin-followers\/\",\"name\":\"Linkedin Followers - Rocket2fame\",\"isPartOf\":{\"@id\":\"https:\/\/www.rocket2fame.com\/#website\"},\"primaryImageOfPage\":{\"@id\":\"https:\/\/www.rocket2fame.com\/services\/linkedin-followers\/#primaryimage\"},\"image\":{\"@id\":\"https:\/\/www.rocket2fame.com\/services\/linkedin-followers\/#primaryimage\"},\"thumbnailUrl\":\"https:\/\/www.rocket2fame.com\/wp-content\/uploads\/2025\/07\/targeting.png\",\"datePublished\":\"2025-07-27T04:17:23+00:00\",\"dateModified\":\"2026-03-11T13:56:53+00:00\",\"breadcrumb\":{\"@id\":\"https:\/\/www.rocket2fame.com\/services\/linkedin-followers\/#breadcrumb\"},\"inLanguage\":\"de\",\"potentialAction\":[{\"@type\":\"ReadAction\",\"target\":[\"https:\/\/www.rocket2fame.com\/services\/linkedin-followers\/\"]}]},{\"@type\":\"ImageObject\",\"inLanguage\":\"de\",\"@id\":\"https:\/\/www.rocket2fame.com\/services\/linkedin-followers\/#primaryimage\",\"url\":\"https:\/\/www.rocket2fame.com\/wp-content\/uploads\/2025\/07\/targeting.png\",\"contentUrl\":\"https:\/\/www.rocket2fame.com\/wp-content\/uploads\/2025\/07\/targeting.png\",\"width\":512,\"height\":512},{\"@type\":\"BreadcrumbList\",\"@id\":\"https:\/\/www.rocket2fame.com\/services\/linkedin-followers\/#breadcrumb\",\"itemListElement\":[{\"@type\":\"ListItem\",\"position\":1,\"name\":\"Accueil\",\"item\":\"https:\/\/www.rocket2fame.com\/\"},{\"@type\":\"ListItem\",\"position\":2,\"name\":\"Boutique\",\"item\":\"https:\/\/www.rocket2fame.com\/boutique\/\"},{\"@type\":\"ListItem\",\"position\":3,\"name\":\"Linkedin Followers\"}]},{\"@type\":\"WebSite\",\"@id\":\"https:\/\/www.rocket2fame.com\/#website\",\"url\":\"https:\/\/www.rocket2fame.com\/\",\"name\":\"Rocket2fame\",\"description\":\"\",\"publisher\":{\"@id\":\"https:\/\/www.rocket2fame.com\/#organization\"},\"potentialAction\":[{\"@type\":\"SearchAction\",\"target\":{\"@type\":\"EntryPoint\",\"urlTemplate\":\"https:\/\/www.rocket2fame.com\/?s={search_term_string}\"},\"query-input\":{\"@type\":\"PropertyValueSpecification\",\"valueRequired\":true,\"valueName\":\"search_term_string\"}}],\"inLanguage\":\"de\"},{\"@type\":\"Organization\",\"@id\":\"https:\/\/www.rocket2fame.com\/#organization\",\"name\":\"Rocket2fame\",\"url\":\"https:\/\/www.rocket2fame.com\/\",\"logo\":{\"@type\":\"ImageObject\",\"inLanguage\":\"de\",\"@id\":\"https:\/\/www.rocket2fame.com\/#\/schema\/logo\/image\/\",\"url\":\"https:\/\/www.rocket2fame.com\/wp-content\/uploads\/2025\/07\/cropped-Logo.png\",\"contentUrl\":\"https:\/\/www.rocket2fame.com\/wp-content\/uploads\/2025\/07\/cropped-Logo.png\",\"width\":700,\"height\":233,\"caption\":\"Rocket2fame\"},\"image\":{\"@id\":\"https:\/\/www.rocket2fame.com\/#\/schema\/logo\/image\/\"}}]}<\/script>\n<!-- \/ Yoast SEO plugin. -->","yoast_head_json":{"title":"Linkedin Followers - Rocket2fame","robots":{"index":"index","follow":"follow","max-snippet":"max-snippet:-1","max-image-preview":"max-image-preview:large","max-video-preview":"max-video-preview:-1"},"canonical":"https:\/\/www.rocket2fame.com\/de\/services\/linkedin-followers\/","og_locale":"de_DE","og_type":"article","og_title":"Linkedin Followers - Rocket2fame","og_description":"Mi\u00e9rt v\u00e1s\u00e1roljunk LinkedIn-k\u00f6vet\u0151ket? A LinkedIn a legjobb k\u00f6z\u00f6ss\u00e9gi h\u00e1l\u00f3zat a munk\u00e1ltat\u00f3k \u00e9s a munkav\u00e1llal\u00f3k sz\u00e1m\u00e1ra. Kiv\u00e1l\u00f3 LinkedIn-profillal n\u00f6velheti h\u00edrnev\u00e9t a [&hellip;]","og_url":"https:\/\/www.rocket2fame.com\/de\/services\/linkedin-followers\/","og_site_name":"Rocket2fame","article_modified_time":"2026-03-11T13:56:53+00:00","og_image":[{"width":512,"height":512,"url":"https:\/\/www.rocket2fame.com\/wp-content\/uploads\/2025\/07\/targeting.png","type":"image\/png"}],"twitter_card":"summary_large_image","twitter_misc":{"Gesch\u00e4tzte Lesezeit":"3\u00a0Minuten"},"schema":{"@context":"https:\/\/schema.org","@graph":[{"@type":"WebPage","@id":"https:\/\/www.rocket2fame.com\/services\/linkedin-followers\/","url":"https:\/\/www.rocket2fame.com\/services\/linkedin-followers\/","name":"Linkedin Followers - Rocket2fame","isPartOf":{"@id":"https:\/\/www.rocket2fame.com\/#website"},"primaryImageOfPage":{"@id":"https:\/\/www.rocket2fame.com\/services\/linkedin-followers\/#primaryimage"},"image":{"@id":"https:\/\/www.rocket2fame.com\/services\/linkedin-followers\/#primaryimage"},"thumbnailUrl":"https:\/\/www.rocket2fame.com\/wp-content\/uploads\/2025\/07\/targeting.png","datePublished":"2025-07-27T04:17:23+00:00","dateModified":"2026-03-11T13:56:53+00:00","breadcrumb":{"@id":"https:\/\/www.rocket2fame.com\/services\/linkedin-followers\/#breadcrumb"},"inLanguage":"de","potentialAction":[{"@type":"ReadAction","target":["https:\/\/www.rocket2fame.com\/services\/linkedin-followers\/"]}]},{"@type":"ImageObject","inLanguage":"de","@id":"https:\/\/www.rocket2fame.com\/services\/linkedin-followers\/#primaryimage","url":"https:\/\/www.rocket2fame.com\/wp-content\/uploads\/2025\/07\/targeting.png","contentUrl":"https:\/\/www.rocket2fame.com\/wp-content\/uploads\/2025\/07\/targeting.png","width":512,"height":512},{"@type":"BreadcrumbList","@id":"https:\/\/www.rocket2fame.com\/services\/linkedin-followers\/#breadcrumb","itemListElement":[{"@type":"ListItem","position":1,"name":"Accueil","item":"https:\/\/www.rocket2fame.com\/"},{"@type":"ListItem","position":2,"name":"Boutique","item":"https:\/\/www.rocket2fame.com\/boutique\/"},{"@type":"ListItem","position":3,"name":"Linkedin Followers"}]},{"@type":"WebSite","@id":"https:\/\/www.rocket2fame.com\/#website","url":"https:\/\/www.rocket2fame.com\/","name":"Rocket2fame","description":"","publisher":{"@id":"https:\/\/www.rocket2fame.com\/#organization"},"potentialAction":[{"@type":"SearchAction","target":{"@type":"EntryPoint","urlTemplate":"https:\/\/www.rocket2fame.com\/?s={search_term_string}"},"query-input":{"@type":"PropertyValueSpecification","valueRequired":true,"valueName":"search_term_string"}}],"inLanguage":"de"},{"@type":"Organization","@id":"https:\/\/www.rocket2fame.com\/#organization","name":"Rocket2fame","url":"https:\/\/www.rocket2fame.com\/","logo":{"@type":"ImageObject","inLanguage":"de","@id":"https:\/\/www.rocket2fame.com\/#\/schema\/logo\/image\/","url":"https:\/\/www.rocket2fame.com\/wp-content\/uploads\/2025\/07\/cropped-Logo.png","contentUrl":"https:\/\/www.rocket2fame.com\/wp-content\/uploads\/2025\/07\/cropped-Logo.png","width":700,"height":233,"caption":"Rocket2fame"},"image":{"@id":"https:\/\/www.rocket2fame.com\/#\/schema\/logo\/image\/"}}]}},"_links":{"self":[{"href":"https:\/\/www.rocket2fame.com\/de\/wp-json\/wp\/v2\/product\/490050","targetHints":{"allow":["GET"]}}],"collection":[{"href":"https:\/\/www.rocket2fame.com\/de\/wp-json\/wp\/v2\/product"}],"about":[{"href":"https:\/\/www.rocket2fame.com\/de\/wp-json\/wp\/v2\/types\/product"}],"wp:featuredmedia":[{"embeddable":true,"href":"https:\/\/www.rocket2fame.com\/de\/wp-json\/wp\/v2\/media\/489832"}],"wp:attachment":[{"href":"https:\/\/www.rocket2fame.com\/de\/wp-json\/wp\/v2\/media?parent=490050"}],"wp:term":[{"taxonomy":"product_brand","embeddable":true,"href":"https:\/\/www.rocket2fame.com\/de\/wp-json\/wp\/v2\/product_brand?post=490050"},{"taxonomy":"product_cat","embeddable":true,"href":"https:\/\/www.rocket2fame.com\/de\/wp-json\/wp\/v2\/product_cat?post=490050"},{"taxonomy":"product_tag","embeddable":true,"href":"https:\/\/www.rocket2fame.com\/de\/wp-json\/wp\/v2\/product_tag?post=490050"}],"curies":[{"name":"wp","href":"https:\/\/api.w.org\/{rel}","templated":true}]}}