 {"id":490079,"date":"2025-07-27T04:17:30","date_gmt":"2025-07-27T04:17:30","guid":{"rendered":"https:\/\/www.rocket2fame.com\/?post_type=product&#038;p=490079"},"modified":"2025-10-27T14:11:46","modified_gmt":"2025-10-27T14:11:46","slug":"vip-female-french-instagram-followers","status":"publish","type":"product","link":"https:\/\/www.rocket2fame.com\/de\/services\/vip-female-french-instagram-followers\/","title":{"rendered":"[VIP] Instagram-Follower Franz\u00f6sische Frauen"},"content":{"rendered":"<h2>Den Kauf von Instagram-Followern verstehen<\/h2>\n<p>Der Ausdruck \u201eKauf von Instagram-Followern\u201c bezieht sich auf eine von unserem Team durchgef\u00fchrte Online-Pr\u00e4senzkampagne mit dem Ziel, die Anzahl der sichtbaren Follower auf dem vom Kunden angegebenen Instagram-Konto zu erh\u00f6hen. Dies stellt keine \u00dcbertragung von Eigentumsrechten im rechtlichen Sinne dar, sondern ist vielmehr ein Sichtbarkeitsdienst, der durch von unserer Agentur durchgef\u00fchrte digitale Werbekampagnen f\u00fcr ein zus\u00e4tzliches Volumen an Followern sorgt.<\/p>\n<h2>Wie lange ist die gesetzliche Lieferfrist nach dem Kauf von Instagram-Followern auf Ihrer Website?<\/h2>\n<p>Jede Kampagne wird mit einer maximalen Vertragslaufzeit von drei\u00dfig (30) Kalendertagen durchgef\u00fchrt, beginnend mit dem Erhalt aller korrekten und erforderlichen Informationen (\u00f6ffentliches Konto, g\u00fcltiger Benutzername\/Link, keine Alters-\/L\u00e4nderbeschr\u00e4nkungen usw.). Wir bieten indikative Liefergeschwindigkeiten an \u2013 so schnell wie m\u00f6glich, schrittweise\/nat\u00fcrlich, innerhalb von 7 Tagen, innerhalb von 30 Tagen. Diese Geschwindigkeiten sind operative Ziele: Unsere Teams passen das Tempo (Beschleunigung\/Modulation) entsprechend den Einschr\u00e4nkungen Ihres Kontos und Ihrer Plattform an. Die Option \u201einnerhalb von 7 Tagen\u201d stellt eine besondere Anstrengung f\u00fcr eine schnellere Lieferung dar, ohne dass eine separate ergebnisorientierte Verpflichtung entsteht; die vertragliche Frist bleibt drei\u00dfig Tage. Der Lieferzeitraum wird ausgesetzt, solange die erforderlichen Elemente nicht bereitgestellt werden, einschlie\u00dflich in F\u00e4llen, in denen der Link fehlt, unvollst\u00e4ndig, falsch oder unzug\u00e4nglich ist. Wenn das Konto unzug\u00e4nglich wird (Umstellung auf privat, \u00c4nderung des Benutzernamens, Aktivierung von Zugriffsbeschr\u00e4nkungen, nicht konforme Inhalte usw.), kann die Kampagne nicht beginnen. Ohne einen g\u00fcltigen und vollst\u00e4ndig zug\u00e4nglichen Link bleibt die Bestellung ausstehend und kann nicht ausgef\u00fchrt oder erstattet werden, au\u00dfer in F\u00e4llen, die ausdr\u00fccklich gesetzlich vorgesehen sind.<\/p>\n<p>Bei au\u00dfergew\u00f6hnlichen Verz\u00f6gerungen ist es Aufgabe des Kunden, uns zu kontaktieren, um uns die Situation zu melden. Nach Pr\u00fcfung werden wir die geeignete L\u00f6sung gem\u00e4\u00df den Allgemeinen Gesch\u00e4ftsbedingungen umsetzen: Anpassung (zus\u00e4tzliche Lieferung), Verl\u00e4ngerung der Kampagne oder Ausstellung einer Gutschrift im Verh\u00e4ltnis zum nicht erf\u00fcllten Teil; gegebenenfalls kann eine anteilige R\u00fcckerstattung f\u00fcr den nicht ausgef\u00fchrten Teil gem\u00e4\u00df den Allgemeinen Gesch\u00e4ftsbedingungen und im Rahmen der geltenden Gesetze gew\u00e4hrt werden. Eine vollst\u00e4ndige R\u00fcckerstattung kann nur unter denselben Rahmenbedingungen und innerhalb der Grenzen des geltenden Rechts in Betracht gezogen werden.<\/p>\n<h2>Bieten Sie eine Garantie gegen den Verlust von Instagram-Followern?<\/h2>\n<p>Ja. Wir bieten eine 30-t\u00e4gige Ersatzgarantie ab dem Zeitpunkt der vollst\u00e4ndigen Lieferung. Wenn Verluste festgestellt werden, die in direktem Zusammenhang mit der urspr\u00fcnglichen Kampagne stehen, kann eine neue Online-Pr\u00e4senzkampagne gestartet werden, um diese Verluste auszugleichen.<\/p>\n<p>Um die Garantie in Anspruch nehmen zu k\u00f6nnen, muss der Antrag innerhalb von drei\u00dfig Tagen nach Ende der Aktion per E-Mail an <a href=\"mailto:supp@rocket2fame.com\">mailto:supp@rocket2fame.com<br \/>\n<\/a> einschlie\u00dflich:<br \/>\n\u2013 Ihr Benutzername,<br \/>\n\u2013 Ihre Bestellnummer,<br \/>\n\u2013 die Anzahl der beobachteten fehlenden Follower.<\/p>\n<p>Teilnahmebedingungen:<br \/>\n\u2013 Der Account muss \u00f6ffentlich bleiben.<br \/>\n\u2013 Der Benutzername darf nicht ge\u00e4ndert werden.<br \/>\n\u2013 Es d\u00fcrfen keine Alters- oder geografischen Beschr\u00e4nkungen aktiviert werden.<\/p>\n<p>Jede \u00c4nderung des Benutzernamens, die Umstellung des Kontos auf privat oder die Anwendung von Einschr\u00e4nkungen, die das Konto teilweise oder vollst\u00e4ndig unzug\u00e4nglich machen, f\u00fchrt zum sofortigen Erl\u00f6schen der Garantie. In solchen F\u00e4llen kann keine Ersatzkampagne gestartet werden.<br \/>\nUnsere Teams \u00fcberwachen die Kampagnen regelm\u00e4\u00dfig, um deren korrekte Durchf\u00fchrung sicherzustellen. Ein privates oder unzug\u00e4ngliches Konto verhindert jedoch eine angemessene \u00dcberwachung und macht somit die Garantie unwirksam.<\/p>\n<p>The commercial guarantee cannot be applied if, after delivery, the account in question becomes private, if its username is changed, or if restrictions (age, country, audience, etc.) limit access. In such situations, the guarantee is suspended or void, and no replacement may be triggered, except in cases expressly provided for by law.<\/p>\n<p>Hinweis: Verluste im Zusammenhang mit Followern vor der Kampagne sind nicht abgedeckt; nur Verluste, die auf die garantierte Kampagne zur\u00fcckzuf\u00fchren sind, k\u00f6nnen zu einer neuen kostenlosen Online-Pr\u00e4senzkampagne f\u00fchren, um diese Verluste auszugleichen.<br \/>\nDiese kommerzielle Garantie gilt im Rahmen der geltenden Rechte und vorbehaltlich zwingender gesetzlicher Bestimmungen.<\/p>\n<h2>Rechtlicher Hinweis zum Kauf von Instagram-Followern auf rocket2fame.com:<\/h2>\n<p>Unsere Dienstleistungen zielen ausschlie\u00dflich darauf ab, die Online-Pr\u00e4senz des angegebenen Instagram-Kontos durch von unserem Team \u00fcberwachte Kampagnen zu verbessern, die auf eine Erh\u00f6hung der Follower-Zahl abzielen. Sie implizieren keine Verbindung zu der betreffenden Plattform (Instagram). Die Nutzung der Dienstleistungen liegt in der alleinigen Verantwortung des Kunden und muss den Nutzungsbedingungen der Plattform entsprechen. Unsere Beratungsdienstleistungen garantieren ohne Einschr\u00e4nkung keine kommerziellen Ergebnisse, organische Sichtbarkeit, Interaktion oder Marketingleistung. Volumen und Zeitpl\u00e4ne sind unverbindlich und unterliegen den in den Allgemeinen Gesch\u00e4ftsbedingungen (AGB) festgelegten Beschr\u00e4nkungen. Sofern zum Zeitpunkt der Bestellung nicht anders angegeben, betr\u00e4gt die maximale Ausf\u00fchrungsfrist drei\u00dfig (30) Tage.<\/p>\n<h2>Warum sollten Sie unsere Agentur f\u00fcr Ihre Kampagne zum Kauf von Instagram-Followern w\u00e4hlen?<\/h2>\n<p>Bei rocket2fame.com steht die menschliche Unterst\u00fctzung im Mittelpunkt unserer digitalen Marketingkampagnen. Wir bevorzugen einen personalisierten Ansatz: keine generischen Pakete, sondern Einstellungen, die auf Ihr Profil, Ihre Branche und Ihre Ziele zugeschnitten sind. Was wir f\u00fcr Sie tun: Engagierte Beratung vor und w\u00e4hrend der Kampagne: Auswahl von Volumen, Tempo und Parametern, die mit Ihrem Konto und Ihren Einschr\u00e4nkungen kompatibel sind. Kontinuierliche Verwaltung und \u00dcberwachung: Wir verfolgen den Fortschritt und passen das Tempo (Beschleunigung\/Modulation) auf der Grundlage der realen Einschr\u00e4nkungen, der Kundenbed\u00fcrfnisse und unserer vertraglichen Verpflichtungen an. Pragmatische Optimierung: Unsere Teams nehmen regelm\u00e4\u00dfig technische Anpassungen an laufenden Kampagnen vor, um die Wirksamkeit der Online-Pr\u00e4senzkampagne im Einklang mit unseren vertraglichen Verpflichtungen und den Interessen des Kunden zu maximieren, vorbehaltlich der Einschr\u00e4nkungen der Instagram-Plattform. Transparente Kommunikation: Sie k\u00f6nnen uns jederzeit per E-Mail kontaktieren, um den Fortschritt zu \u00fcberpr\u00fcfen oder eine \u00c4nderung des Tempos vorzuschlagen. Zeitrahmen f\u00fcr Anpassungen: Bestimmte operative \u00c4nderungen erfordern eine Umsetzungsphase. Ab dem Datum Ihrer Anfrage werden \u00c4nderungen in der Regel innerhalb von sieben (7) Kalendertagen ber\u00fccksichtigt, wobei dieser Zeitraum verl\u00e4ngert werden kann, wenn Klarstellungen erforderlich sind. Die Zeitrahmen sind unverbindlich und k\u00f6nnen je nach Zeitraum, Arbeitsaufwand und Einschr\u00e4nkungen der Instagram-Plattform variieren.<\/p>\n<h2>3 wesentliche St\u00e4rken der Agentur rocket2fame.com f\u00fcr den Kauf von Instagram-Followern<\/h2>\n<h3>Pers\u00f6nliche Beratung<\/h3>\n<p>Vor dem Start und w\u00e4hrend der gesamten Kampagne unterst\u00fctzen Sie unsere Teams mit auf Ihr Profil, Ihre Branche und Ihre Ziele zugeschnittenen Ratschl\u00e4gen. Wir helfen Ihnen dabei, Volumen, Tempo und Einstellungen zu definieren, die mit Ihrem Konto kompatibel sind, um die Ergebnisse unter Ber\u00fccksichtigung Ihrer Vorgaben zu optimieren.<\/p>\n<h3>Menschliche Aufsicht und Anpassungen<\/h3>\n<p>Jede Kampagne wird von unseren Teams \u00fcberwacht und betreut, die regelm\u00e4\u00dfig Anpassungen vornehmen, basierend auf den beobachteten Entwicklungen und den Besonderheiten Ihres Kontos. Wir bevorzugen einen pragmatischen Ansatz: Beschleunigungen, Verlangsamungen oder Parameter\u00e4nderungen k\u00f6nnen vorgenommen werden, um den reibungslosen Ablauf und die Wirksamkeit der Werbeaktion sicherzustellen.<\/p>\n<h3>Kommunikation und Tempo nach Bedarf<\/h3>\n<p>Sie k\u00f6nnen sich jederzeit an uns wenden, um Tracking anzufordern oder Anpassungen des Tempos vorzuschlagen. Unsere Teams ber\u00fccksichtigen Ihre Anfragen und nehmen die erforderlichen \u00c4nderungen innerhalb eines angemessenen Zeitraums vor (in der Regel innerhalb von sieben (7) Kalendertagen, sofern nicht anders angegeben). Diese kontinuierliche Kommunikation erm\u00f6glicht es uns, die Kampagne an Ihre Bed\u00fcrfnisse anzupassen und gleichzeitig unsere vertraglichen Verpflichtungen zu erf\u00fcllen.<\/p>\n<p><strong>Wichtige Informationen:<\/strong> Alle unsere Dienstleistungen unterliegen unseren AGB, die Sie hier finden: <a href=\"https:\/\/www.rocket2fame.com\/terms\">https:\/\/www.rocket2fame.com\/terms<br \/>\n<\/a><\/p>","protected":false},"excerpt":{"rendered":"<ul>\n<li>Kein Passwort erforderlich<\/li>\n<li>Hochwertige Follower<\/li>\n<li>Unterst\u00fctzung rund um die Uhr<\/li>\n<li>Schnelle Lieferung<\/li>\n<\/ul>","protected":false},"featured_media":489832,"template":"","meta":{"site-sidebar-layout":"default","site-content-layout":"default","ast-site-content-layout":"default","site-content-style":"default","site-sidebar-style":"default","ast-global-header-display":"","ast-banner-title-visibility":"","ast-main-header-display":"","ast-hfb-above-header-display":"","ast-hfb-below-header-display":"","ast-hfb-mobile-header-display":"","site-post-title":"","ast-breadcrumbs-content":"","ast-featured-img":"","footer-sml-layout":"","theme-transparent-header-meta":"default","adv-header-id-meta":"","stick-header-meta":"","header-above-stick-meta":"","header-main-stick-meta":"","header-below-stick-meta":"","astra-migrate-meta-layouts":"set","ast-page-background-enabled":"default","ast-page-background-meta":{"desktop":{"background-color":"var(--ast-global-color-5)","background-image":"","background-repeat":"repeat","background-position":"center center","background-size":"auto","background-attachment":"scroll","background-type":"","background-media":"","overlay-type":"","overlay-color":"","overlay-opacity":"","overlay-gradient":""},"tablet":{"background-color":"","background-image":"","background-repeat":"repeat","background-position":"center center","background-size":"auto","background-attachment":"scroll","background-type":"","background-media":"","overlay-type":"","overlay-color":"","overlay-opacity":"","overlay-gradient":""},"mobile":{"background-color":"","background-image":"","background-repeat":"repeat","background-position":"center center","background-size":"auto","background-attachment":"scroll","background-type":"","background-media":"","overlay-type":"","overlay-color":"","overlay-opacity":"","overlay-gradient":""}},"ast-content-background-meta":{"desktop":{"background-color":"var(--ast-global-color-4)","background-image":"","background-repeat":"repeat","background-position":"center center","background-size":"auto","background-attachment":"scroll","background-type":"","background-media":"","overlay-type":"","overlay-color":"","overlay-opacity":"","overlay-gradient":""},"tablet":{"background-color":"var(--ast-global-color-4)","background-image":"","background-repeat":"repeat","background-position":"center center","background-size":"auto","background-attachment":"scroll","background-type":"","background-media":"","overlay-type":"","overlay-color":"","overlay-opacity":"","overlay-gradient":""},"mobile":{"background-color":"var(--ast-global-color-4)","background-image":"","background-repeat":"repeat","background-position":"center center","background-size":"auto","background-attachment":"scroll","background-type":"","background-media":"","overlay-type":"","overlay-color":"","overlay-opacity":"","overlay-gradient":""}}},"product_brand":[],"product_cat":[40],"product_tag":[],"class_list":{"0":"post-490079","1":"product","2":"type-product","3":"status-publish","4":"has-post-thumbnail","6":"product_cat-instagram","7":"desktop-align-left","8":"tablet-align-left","9":"mobile-align-left","11":"first","12":"instock","13":"sold-individually","14":"shipping-taxable","15":"purchasable","16":"product-type-variable","17":"has-default-attributes"},"yoast_head":"<!-- This site is optimized with the Yoast SEO plugin v25.3.1 - https:\/\/yoast.com\/wordpress\/plugins\/seo\/ -->\n<title>[VIP] Female French Instagram Followers - Rocket2fame<\/title>\n<meta name=\"description\" content=\"Rocket2fame\" \/>\n<meta name=\"robots\" content=\"index, follow, max-snippet:-1, max-image-preview:large, max-video-preview:-1\" \/>\n<link rel=\"canonical\" href=\"https:\/\/www.rocket2fame.com\/de\/services\/vip-female-french-instagram-followers\/\" \/>\n<meta property=\"og:locale\" content=\"de_DE\" \/>\n<meta property=\"og:type\" content=\"article\" \/>\n<meta property=\"og:title\" content=\"[VIP] Female French Instagram Followers - Rocket2fame\" \/>\n<meta property=\"og:description\" content=\"Rocket2fame\" \/>\n<meta property=\"og:url\" content=\"https:\/\/www.rocket2fame.com\/de\/services\/vip-female-french-instagram-followers\/\" \/>\n<meta property=\"og:site_name\" content=\"Rocket2fame\" \/>\n<meta property=\"article:modified_time\" content=\"2025-10-27T14:11:46+00:00\" \/>\n<meta property=\"og:image\" content=\"https:\/\/www.rocket2fame.com\/wp-content\/uploads\/2025\/07\/targeting.png\" \/>\n\t<meta property=\"og:image:width\" content=\"512\" \/>\n\t<meta property=\"og:image:height\" content=\"512\" \/>\n\t<meta property=\"og:image:type\" content=\"image\/png\" \/>\n<meta name=\"twitter:card\" content=\"summary_large_image\" \/>\n<meta name=\"twitter:label1\" content=\"Gesch\u00e4tzte Lesezeit\" \/>\n\t<meta name=\"twitter:data1\" content=\"5\u00a0Minuten\" \/>\n<script type=\"application\/ld+json\" class=\"yoast-schema-graph\">{\"@context\":\"https:\/\/schema.org\",\"@graph\":[{\"@type\":\"WebPage\",\"@id\":\"https:\/\/www.rocket2fame.com\/services\/vip-female-french-instagram-followers\/\",\"url\":\"https:\/\/www.rocket2fame.com\/services\/vip-female-french-instagram-followers\/\",\"name\":\"[VIP] Female French Instagram Followers - Rocket2fame\",\"isPartOf\":{\"@id\":\"https:\/\/www.rocket2fame.com\/#website\"},\"primaryImageOfPage\":{\"@id\":\"https:\/\/www.rocket2fame.com\/services\/vip-female-french-instagram-followers\/#primaryimage\"},\"image\":{\"@id\":\"https:\/\/www.rocket2fame.com\/services\/vip-female-french-instagram-followers\/#primaryimage\"},\"thumbnailUrl\":\"https:\/\/www.rocket2fame.com\/wp-content\/uploads\/2025\/07\/targeting.png\",\"datePublished\":\"2025-07-27T04:17:30+00:00\",\"dateModified\":\"2025-10-27T14:11:46+00:00\",\"description\":\"Rocket2fame\",\"breadcrumb\":{\"@id\":\"https:\/\/www.rocket2fame.com\/services\/vip-female-french-instagram-followers\/#breadcrumb\"},\"inLanguage\":\"de\",\"potentialAction\":[{\"@type\":\"ReadAction\",\"target\":[\"https:\/\/www.rocket2fame.com\/services\/vip-female-french-instagram-followers\/\"]}]},{\"@type\":\"ImageObject\",\"inLanguage\":\"de\",\"@id\":\"https:\/\/www.rocket2fame.com\/services\/vip-female-french-instagram-followers\/#primaryimage\",\"url\":\"https:\/\/www.rocket2fame.com\/wp-content\/uploads\/2025\/07\/targeting.png\",\"contentUrl\":\"https:\/\/www.rocket2fame.com\/wp-content\/uploads\/2025\/07\/targeting.png\",\"width\":512,\"height\":512},{\"@type\":\"BreadcrumbList\",\"@id\":\"https:\/\/www.rocket2fame.com\/services\/vip-female-french-instagram-followers\/#breadcrumb\",\"itemListElement\":[{\"@type\":\"ListItem\",\"position\":1,\"name\":\"Accueil\",\"item\":\"https:\/\/www.rocket2fame.com\/\"},{\"@type\":\"ListItem\",\"position\":2,\"name\":\"Boutique\",\"item\":\"https:\/\/www.rocket2fame.com\/boutique\/\"},{\"@type\":\"ListItem\",\"position\":3,\"name\":\"[VIP] Female French Instagram Followers\"}]},{\"@type\":\"WebSite\",\"@id\":\"https:\/\/www.rocket2fame.com\/#website\",\"url\":\"https:\/\/www.rocket2fame.com\/\",\"name\":\"Rocket2fame\",\"description\":\"\",\"publisher\":{\"@id\":\"https:\/\/www.rocket2fame.com\/#organization\"},\"potentialAction\":[{\"@type\":\"SearchAction\",\"target\":{\"@type\":\"EntryPoint\",\"urlTemplate\":\"https:\/\/www.rocket2fame.com\/?s={search_term_string}\"},\"query-input\":{\"@type\":\"PropertyValueSpecification\",\"valueRequired\":true,\"valueName\":\"search_term_string\"}}],\"inLanguage\":\"de\"},{\"@type\":\"Organization\",\"@id\":\"https:\/\/www.rocket2fame.com\/#organization\",\"name\":\"Rocket2fame\",\"url\":\"https:\/\/www.rocket2fame.com\/\",\"logo\":{\"@type\":\"ImageObject\",\"inLanguage\":\"de\",\"@id\":\"https:\/\/www.rocket2fame.com\/#\/schema\/logo\/image\/\",\"url\":\"https:\/\/www.rocket2fame.com\/wp-content\/uploads\/2025\/07\/cropped-Logo.png\",\"contentUrl\":\"https:\/\/www.rocket2fame.com\/wp-content\/uploads\/2025\/07\/cropped-Logo.png\",\"width\":700,\"height\":233,\"caption\":\"Rocket2fame\"},\"image\":{\"@id\":\"https:\/\/www.rocket2fame.com\/#\/schema\/logo\/image\/\"}}]}<\/script>\n<!-- \/ Yoast SEO plugin. -->","yoast_head_json":{"title":"[VIP] Female French Instagram Followers - Rocket2fame","description":"Rocket2fame","robots":{"index":"index","follow":"follow","max-snippet":"max-snippet:-1","max-image-preview":"max-image-preview:large","max-video-preview":"max-video-preview:-1"},"canonical":"https:\/\/www.rocket2fame.com\/de\/services\/vip-female-french-instagram-followers\/","og_locale":"de_DE","og_type":"article","og_title":"[VIP] Female French Instagram Followers - Rocket2fame","og_description":"Rocket2fame","og_url":"https:\/\/www.rocket2fame.com\/de\/services\/vip-female-french-instagram-followers\/","og_site_name":"Rocket2fame","article_modified_time":"2025-10-27T14:11:46+00:00","og_image":[{"width":512,"height":512,"url":"https:\/\/www.rocket2fame.com\/wp-content\/uploads\/2025\/07\/targeting.png","type":"image\/png"}],"twitter_card":"summary_large_image","twitter_misc":{"Gesch\u00e4tzte Lesezeit":"5\u00a0Minuten"},"schema":{"@context":"https:\/\/schema.org","@graph":[{"@type":"WebPage","@id":"https:\/\/www.rocket2fame.com\/services\/vip-female-french-instagram-followers\/","url":"https:\/\/www.rocket2fame.com\/services\/vip-female-french-instagram-followers\/","name":"[VIP] Female French Instagram Followers - Rocket2fame","isPartOf":{"@id":"https:\/\/www.rocket2fame.com\/#website"},"primaryImageOfPage":{"@id":"https:\/\/www.rocket2fame.com\/services\/vip-female-french-instagram-followers\/#primaryimage"},"image":{"@id":"https:\/\/www.rocket2fame.com\/services\/vip-female-french-instagram-followers\/#primaryimage"},"thumbnailUrl":"https:\/\/www.rocket2fame.com\/wp-content\/uploads\/2025\/07\/targeting.png","datePublished":"2025-07-27T04:17:30+00:00","dateModified":"2025-10-27T14:11:46+00:00","description":"Rocket2fame","breadcrumb":{"@id":"https:\/\/www.rocket2fame.com\/services\/vip-female-french-instagram-followers\/#breadcrumb"},"inLanguage":"de","potentialAction":[{"@type":"ReadAction","target":["https:\/\/www.rocket2fame.com\/services\/vip-female-french-instagram-followers\/"]}]},{"@type":"ImageObject","inLanguage":"de","@id":"https:\/\/www.rocket2fame.com\/services\/vip-female-french-instagram-followers\/#primaryimage","url":"https:\/\/www.rocket2fame.com\/wp-content\/uploads\/2025\/07\/targeting.png","contentUrl":"https:\/\/www.rocket2fame.com\/wp-content\/uploads\/2025\/07\/targeting.png","width":512,"height":512},{"@type":"BreadcrumbList","@id":"https:\/\/www.rocket2fame.com\/services\/vip-female-french-instagram-followers\/#breadcrumb","itemListElement":[{"@type":"ListItem","position":1,"name":"Accueil","item":"https:\/\/www.rocket2fame.com\/"},{"@type":"ListItem","position":2,"name":"Boutique","item":"https:\/\/www.rocket2fame.com\/boutique\/"},{"@type":"ListItem","position":3,"name":"[VIP] Female French Instagram Followers"}]},{"@type":"WebSite","@id":"https:\/\/www.rocket2fame.com\/#website","url":"https:\/\/www.rocket2fame.com\/","name":"Rocket2fame","description":"","publisher":{"@id":"https:\/\/www.rocket2fame.com\/#organization"},"potentialAction":[{"@type":"SearchAction","target":{"@type":"EntryPoint","urlTemplate":"https:\/\/www.rocket2fame.com\/?s={search_term_string}"},"query-input":{"@type":"PropertyValueSpecification","valueRequired":true,"valueName":"search_term_string"}}],"inLanguage":"de"},{"@type":"Organization","@id":"https:\/\/www.rocket2fame.com\/#organization","name":"Rocket2fame","url":"https:\/\/www.rocket2fame.com\/","logo":{"@type":"ImageObject","inLanguage":"de","@id":"https:\/\/www.rocket2fame.com\/#\/schema\/logo\/image\/","url":"https:\/\/www.rocket2fame.com\/wp-content\/uploads\/2025\/07\/cropped-Logo.png","contentUrl":"https:\/\/www.rocket2fame.com\/wp-content\/uploads\/2025\/07\/cropped-Logo.png","width":700,"height":233,"caption":"Rocket2fame"},"image":{"@id":"https:\/\/www.rocket2fame.com\/#\/schema\/logo\/image\/"}}]}},"_links":{"self":[{"href":"https:\/\/www.rocket2fame.com\/de\/wp-json\/wp\/v2\/product\/490079","targetHints":{"allow":["GET"]}}],"collection":[{"href":"https:\/\/www.rocket2fame.com\/de\/wp-json\/wp\/v2\/product"}],"about":[{"href":"https:\/\/www.rocket2fame.com\/de\/wp-json\/wp\/v2\/types\/product"}],"wp:featuredmedia":[{"embeddable":true,"href":"https:\/\/www.rocket2fame.com\/de\/wp-json\/wp\/v2\/media\/489832"}],"wp:attachment":[{"href":"https:\/\/www.rocket2fame.com\/de\/wp-json\/wp\/v2\/media?parent=490079"}],"wp:term":[{"taxonomy":"product_brand","embeddable":true,"href":"https:\/\/www.rocket2fame.com\/de\/wp-json\/wp\/v2\/product_brand?post=490079"},{"taxonomy":"product_cat","embeddable":true,"href":"https:\/\/www.rocket2fame.com\/de\/wp-json\/wp\/v2\/product_cat?post=490079"},{"taxonomy":"product_tag","embeddable":true,"href":"https:\/\/www.rocket2fame.com\/de\/wp-json\/wp\/v2\/product_tag?post=490079"}],"curies":[{"name":"wp","href":"https:\/\/api.w.org\/{rel}","templated":true}]}}