 {"id":490105,"date":"2025-07-27T04:17:38","date_gmt":"2025-07-27T04:17:38","guid":{"rendered":"https:\/\/www.rocket2fame.com\/?post_type=product&#038;p=490105"},"modified":"2025-10-27T14:11:44","modified_gmt":"2025-10-27T14:11:44","slug":"vip-french-male-instagram-likes","status":"publish","type":"product","link":"https:\/\/www.rocket2fame.com\/de\/services\/vip-french-male-instagram-likes\/","title":{"rendered":"[VIP] Likes Instagram franz\u00f6sischer M\u00e4nner"},"content":{"rendered":"<h2>Den Kauf von Instagram-Followern verstehen<\/h2>\n<p>\nDer Begriff \u201eKauf von Likes\u201c bezieht sich auf eine von unserem Team durchgef\u00fchrte Online-Pr\u00e4senzkampagne mit dem Ziel, die Anzahl der \u201eLikes\u201c zu erh\u00f6hen, die auf einem oder mehreren vom Kunden festgelegten Instagram-Beitr\u00e4gen sichtbar sind.<br \/>\nDies stellt keine \u00dcbertragung des Eigentums im rechtlichen Sinne dar, sondern einen Sichtbarkeitsdienst, der durch von unserer Agentur verwaltete digitale Werbekampagnen ein zus\u00e4tzliches Volumen an Likes erm\u00f6glicht.\n<\/p>\n<h2>Wie lange ist die gesetzliche Lieferfrist nach dem Kauf von Instagram-Followern auf Ihrer Website?<\/h2>\n<p>\nSofern auf der Produktseite oder zum Zeitpunkt der Bestellung nicht anders angegeben, wird jede Kampagne mit einer maximalen Vertragslaufzeit von drei\u00dfig (30) Kalendertagen durchgef\u00fchrt, beginnend mit dem Erhalt aller korrekten und erforderlichen Informationen (\u00f6ffentliches Konto, g\u00fcltige Post-Links\/IDs, keine Alters-\/L\u00e4nderbeschr\u00e4nkungen usw.).\n<\/p>\n<p>\nWir bieten Ihnen indikative Liefergeschwindigkeiten an \u2013 so schnell wie m\u00f6glich, schrittweise\/nat\u00fcrlich, innerhalb von 7 Tagen, innerhalb von 30 Tagen. Diese Geschwindigkeiten sind operative Ziele: Unsere Teams passen das Tempo (Beschleunigung\/Modulation) entsprechend Ihrem Konto, den Zielbeitr\u00e4gen und den Plattformbeschr\u00e4nkungen an. Die Option \u201einnerhalb von 7 Tagen\u201d entspricht einer besonderen Anstrengung hinsichtlich der Geschwindigkeit, ohne dass eine eindeutige ergebnisorientierte Verpflichtung entsteht; die vertragliche Frist bleibt bei drei\u00dfig Tagen.\n<\/p>\n<p>\nDer Zeitrahmen wird ausgesetzt, solange die erforderlichen Elemente nicht bereitgestellt werden oder wenn Beitr\u00e4ge nicht mehr zug\u00e4nglich sind (Konto auf privat gestellt, L\u00f6schung\/Archivierung von Beitr\u00e4gen, \u00c4nderung der URL\/des Benutzernamens, Zugriffsbeschr\u00e4nkungen, nicht konforme Inhalte, falscher Link, verz\u00f6gerte Validierung usw.), wobei diese Situationen nicht rocket2fame.com zuzuschreiben sind.\n<\/p>\n<p>\nIm Falle au\u00dfergew\u00f6hnlicher Verz\u00f6gerungen (technische\/plattformbezogene Faktoren) werden wir Sie informieren und eine angemessene L\u00f6sung gem\u00e4\u00df den AGB umsetzen: Anpassung (zus\u00e4tzliche Lieferung), Verl\u00e4ngerung der Kampagne oder Gutschrift proportional zum nicht ausgef\u00fchrten Restbetrag; eine teilweise R\u00fcckerstattung kann in den in den AGB oder im geltenden Recht vorgesehenen F\u00e4llen in Betracht gezogen werden.\n<\/p>\n<h2><strong>Bieten Sie eine Garantie gegen den Verlust von Likes an?<\/strong><\/h2>\n<p>\nJa. Wir bieten eine 30-t\u00e4gige Ersatzgarantie ab dem Zeitpunkt der vollst\u00e4ndigen Lieferung. Wenn Verluste festgestellt werden, die in direktem Zusammenhang mit der urspr\u00fcnglichen Kampagne stehen, kann eine neue Online-Pr\u00e4senzkampagne gestartet werden, um diese Verluste auszugleichen.\n<\/p>\n<p>\nUm die Garantie in Anspruch nehmen zu k\u00f6nnen, muss der Antrag innerhalb von drei\u00dfig Tagen nach Ende der Aktion per E-Mail an<br \/>\n<a class=\"decorated-link cursor-pointer\" rel=\"noopener\" href=\"mailto:supp@rocket2fame.com\">mailto:supp@rocket2fame.com<\/a>&nbsp;:<br \/>\n\u2013 Ihr Benutzername,<br \/>\n\u2013 Ihre Bestellnummer,<br \/>\n\u2013 die URLs der betreffenden Beitr\u00e4ge,<br \/>\n\u2013 die Anzahl der fehlenden Likes.\n<\/p>\n<p>Teilnahmebedingungen:<br \/>\n\u2013 Der Account muss \u00f6ffentlich bleiben.<br \/>\n\u2013 Der Benutzername darf nicht ge\u00e4ndert werden.<br \/>\n\u2013 Es d\u00fcrfen keine Alters- oder geografischen Beschr\u00e4nkungen aktiviert werden.<br \/>\n\u2013 Die Zielbeitr\u00e4ge (Beitr\u00e4ge\/Reels) d\u00fcrfen nicht gel\u00f6scht, archiviert oder auf enge Freunde beschr\u00e4nkt werden.<\/p>\n<p>Jede \u00c4nderung des Benutzernamens, die Umstellung des Kontos auf privat, das L\u00f6schen\/Archivieren von Beitr\u00e4gen oder das Anwenden von Einschr\u00e4nkungen, die Beitr\u00e4ge teilweise oder vollst\u00e4ndig unzug\u00e4nglich machen, f\u00fchrt zum sofortigen Erl\u00f6schen der Garantie. In solchen F\u00e4llen kann keine Ersatzkampagne gestartet werden.<br \/>\nUnsere Teams \u00fcberwachen die Kampagnen regelm\u00e4\u00dfig, um deren korrekte Durchf\u00fchrung sicherzustellen. Ein privates oder unzug\u00e4ngliches Konto verhindert jedoch eine angemessene \u00dcberwachung und macht somit die Garantie unwirksam.<\/p>\n<p>Hinweis: Verluste im Zusammenhang mit Followern vor der Kampagne sind nicht abgedeckt; nur Verluste, die auf die garantierte Kampagne zur\u00fcckzuf\u00fchren sind, k\u00f6nnen zu einer neuen kostenlosen Online-Pr\u00e4senzkampagne f\u00fchren, um diese Verluste auszugleichen.<\/p>\n<p>Diese kommerzielle Garantie gilt im Rahmen der geltenden Rechte und vorbehaltlich zwingender gesetzlicher Bestimmungen.<\/p>\n<h2>Rechtlicher Hinweis zum Kauf von Instagram-Followern auf rocket2fame.com:<\/h2>\n<p>Unsere Dienstleistungen zielen ausschlie\u00dflich darauf ab, die Online-Pr\u00e4senz des angegebenen Instagram-Kontos durch von unserem Team \u00fcberwachte Kampagnen zu verbessern, die auf eine Erh\u00f6hung der Follower-Zahl abzielen. Sie implizieren keine Verbindung zu der betreffenden Plattform (Instagram). Die Nutzung der Dienstleistungen liegt in der alleinigen Verantwortung des Kunden und muss den Nutzungsbedingungen der Plattform entsprechen. Unsere Beratungsdienstleistungen garantieren ohne Einschr\u00e4nkung keine kommerziellen Ergebnisse, organische Sichtbarkeit, Interaktion oder Marketingleistung. Volumen und Zeitpl\u00e4ne sind unverbindlich und unterliegen den in den Allgemeinen Gesch\u00e4ftsbedingungen (AGB) festgelegten Beschr\u00e4nkungen. Sofern zum Zeitpunkt der Bestellung nicht anders angegeben, betr\u00e4gt die maximale Ausf\u00fchrungsfrist drei\u00dfig (30) Tage.<\/p>\n<h2>Warum sollten Sie unsere Agentur f\u00fcr Ihre Kampagne zum Kauf von Instagram-Followern w\u00e4hlen?<\/h2>\n<p>Bei rocket2fame.com steht menschliche Unterst\u00fctzung im Mittelpunkt unserer digitalen Marketingkampagnen. Wir bevorzugen einen personalisierten Ansatz: keine generischen Pakete, sondern auf Ihr Profil, Ihre Branche und Ihre Ziele zugeschnittene Einstellungen.<\/p>\n<p><strong>Was wir f\u00fcr Sie tun:<\/strong><br \/>\n<strong>Engagierte Beratung<\/strong>vor und w\u00e4hrend der Kampagne: Auswahl der Like-Volumina, Liefergeschwindigkeit, Auswahl der Beitr\u00e4ge und Einstellungen, die mit Ihrem Konto und Ihren Einschr\u00e4nkungen kompatibel sind.<br \/>\n<strong>Kontinuierliche Verwaltung und \u00dcberwachung<\/strong>: Wir verfolgen den Fortschritt und passen das Tempo (Beschleunigung\/Modulation) entsprechend den tats\u00e4chlichen Einschr\u00e4nkungen, den Kundenanforderungen und unseren vertraglichen Verpflichtungen an.<br \/>\n<strong>Pragmatische Optimierung<\/strong>: Unsere Teams nehmen regelm\u00e4\u00dfig technische Anpassungen an laufenden Kampagnen vor, um die Wirksamkeit der Online-Pr\u00e4senzkampagne zu maximieren, unter Einhaltung unserer vertraglichen Verpflichtungen und im Interesse des Kunden, vorbehaltlich der Beschr\u00e4nkungen durch Plattformen Dritter.<br \/>\n<strong>Transparente Kommunikation<\/strong>Sie k\u00f6nnen uns jederzeit per E-Mail kontaktieren, um sich \u00fcber den Fortschritt zu informieren oder eine \u00c4nderung des Tempos vorzuschlagen.<br \/>\n<strong>Anpassungszeitpl\u00e4ne<\/strong>Einige operative \u00c4nderungen erfordern eine Implementierungsphase. Nach Eingang Ihrer Anfrage erfolgt die Implementierung in der Regel innerhalb von sieben Kalendertagen. Dieser Zeitraum kann sich verl\u00e4ngern, wenn weitere Klarstellungen erforderlich sind. Die Zeitangaben sind unverbindlich und k\u00f6nnen je nach Zeitraum, Arbeitsaufkommen und Plattformbeschr\u00e4nkungen variieren.<\/p>\n<h2>3 wesentliche St\u00e4rken der Agentur rocket2fame.com f\u00fcr den Kauf von Instagram-Followern<\/h2>\n<h3>Pers\u00f6nliche Beratung<\/h3>\n<p>Vor dem Start und w\u00e4hrend der gesamten Kampagne unterst\u00fctzen Sie unsere Teams mit auf Ihr Profil, Ihre Branche und Ihre Ziele zugeschnittenen Ratschl\u00e4gen. Wir helfen Ihnen dabei, Volumen, Tempo und Einstellungen zu definieren, die mit Ihrem Konto kompatibel sind, um die Ergebnisse unter Ber\u00fccksichtigung Ihrer Vorgaben zu optimieren.<\/p>\n<h3>Menschliche \u00dcberwachung und Anpassungen<\/h3>\n<p>Jede Kampagne wird von unseren Teams \u00fcberwacht und betreut, die regelm\u00e4\u00dfig Anpassungen vornehmen, basierend auf den beobachteten Entwicklungen und den Besonderheiten Ihres Kontos. Wir bevorzugen einen pragmatischen Ansatz: Beschleunigungen, Verlangsamungen oder Parameter\u00e4nderungen k\u00f6nnen vorgenommen werden, um den reibungslosen Ablauf und die Wirksamkeit der Werbeaktion sicherzustellen.<\/p>\n<h3>Kommunikation und Tempo nach Bedarf<\/h3>\n<p>You retain the ability to contact us at any time to request tracking or propose pacing adjustments. Our teams take your requests into account and implement the necessary changes within reasonable timeframes (generally within 7 calendar days, unless otherwise specified). This continuous communication allows us to adapt the campaign to your needs while respecting our contractual commitments.<\/p>","protected":false},"excerpt":{"rendered":"<ul>\n<li>Kein Passwort erforderlich<\/li>\n<li>Hochwertige Likes<\/li>\n<li>Unterst\u00fctzung rund um die Uhr<\/li>\n<li>Schnelle Lieferung<\/li>\n<\/ul>","protected":false},"featured_media":489831,"template":"","meta":{"site-sidebar-layout":"default","site-content-layout":"default","ast-site-content-layout":"default","site-content-style":"default","site-sidebar-style":"default","ast-global-header-display":"","ast-banner-title-visibility":"","ast-main-header-display":"","ast-hfb-above-header-display":"","ast-hfb-below-header-display":"","ast-hfb-mobile-header-display":"","site-post-title":"","ast-breadcrumbs-content":"","ast-featured-img":"","footer-sml-layout":"","theme-transparent-header-meta":"default","adv-header-id-meta":"","stick-header-meta":"","header-above-stick-meta":"","header-main-stick-meta":"","header-below-stick-meta":"","astra-migrate-meta-layouts":"set","ast-page-background-enabled":"default","ast-page-background-meta":{"desktop":{"background-color":"var(--ast-global-color-5)","background-image":"","background-repeat":"repeat","background-position":"center center","background-size":"auto","background-attachment":"scroll","background-type":"","background-media":"","overlay-type":"","overlay-color":"","overlay-opacity":"","overlay-gradient":""},"tablet":{"background-color":"","background-image":"","background-repeat":"repeat","background-position":"center center","background-size":"auto","background-attachment":"scroll","background-type":"","background-media":"","overlay-type":"","overlay-color":"","overlay-opacity":"","overlay-gradient":""},"mobile":{"background-color":"","background-image":"","background-repeat":"repeat","background-position":"center center","background-size":"auto","background-attachment":"scroll","background-type":"","background-media":"","overlay-type":"","overlay-color":"","overlay-opacity":"","overlay-gradient":""}},"ast-content-background-meta":{"desktop":{"background-color":"var(--ast-global-color-4)","background-image":"","background-repeat":"repeat","background-position":"center center","background-size":"auto","background-attachment":"scroll","background-type":"","background-media":"","overlay-type":"","overlay-color":"","overlay-opacity":"","overlay-gradient":""},"tablet":{"background-color":"var(--ast-global-color-4)","background-image":"","background-repeat":"repeat","background-position":"center center","background-size":"auto","background-attachment":"scroll","background-type":"","background-media":"","overlay-type":"","overlay-color":"","overlay-opacity":"","overlay-gradient":""},"mobile":{"background-color":"var(--ast-global-color-4)","background-image":"","background-repeat":"repeat","background-position":"center center","background-size":"auto","background-attachment":"scroll","background-type":"","background-media":"","overlay-type":"","overlay-color":"","overlay-opacity":"","overlay-gradient":""}}},"product_brand":[],"product_cat":[40],"product_tag":[],"class_list":{"0":"post-490105","1":"product","2":"type-product","3":"status-publish","4":"has-post-thumbnail","6":"product_cat-instagram","7":"desktop-align-left","8":"tablet-align-left","9":"mobile-align-left","11":"first","12":"instock","13":"sold-individually","14":"shipping-taxable","15":"purchasable","16":"product-type-variable","17":"has-default-attributes"},"yoast_head":"<!-- This site is optimized with the Yoast SEO plugin v25.3.1 - https:\/\/yoast.com\/wordpress\/plugins\/seo\/ -->\n<title>[VIP] French Male Instagram Likes - Rocket2fame<\/title>\n<meta name=\"robots\" content=\"index, follow, max-snippet:-1, max-image-preview:large, max-video-preview:-1\" \/>\n<link rel=\"canonical\" href=\"https:\/\/www.rocket2fame.com\/de\/services\/vip-french-male-instagram-likes\/\" \/>\n<meta property=\"og:locale\" content=\"de_DE\" \/>\n<meta property=\"og:type\" content=\"article\" \/>\n<meta property=\"og:title\" content=\"[VIP] French Male Instagram Likes - Rocket2fame\" \/>\n<meta property=\"og:description\" content=\"No Password Required  High Quality Likes  Assistance 7\/7  Fast Delivery\" \/>\n<meta property=\"og:url\" content=\"https:\/\/www.rocket2fame.com\/de\/services\/vip-french-male-instagram-likes\/\" \/>\n<meta property=\"og:site_name\" content=\"Rocket2fame\" \/>\n<meta property=\"article:modified_time\" content=\"2025-10-27T14:11:44+00:00\" \/>\n<meta property=\"og:image\" content=\"https:\/\/www.rocket2fame.com\/wp-content\/uploads\/2025\/07\/social-media.png\" \/>\n\t<meta property=\"og:image:width\" content=\"512\" \/>\n\t<meta property=\"og:image:height\" content=\"512\" \/>\n\t<meta property=\"og:image:type\" content=\"image\/png\" \/>\n<meta name=\"twitter:card\" content=\"summary_large_image\" \/>\n<meta name=\"twitter:label1\" content=\"Gesch\u00e4tzte Lesezeit\" \/>\n\t<meta name=\"twitter:data1\" content=\"5\u00a0Minuten\" \/>\n<script type=\"application\/ld+json\" class=\"yoast-schema-graph\">{\"@context\":\"https:\/\/schema.org\",\"@graph\":[{\"@type\":\"WebPage\",\"@id\":\"https:\/\/www.rocket2fame.com\/services\/vip-french-male-instagram-likes\/\",\"url\":\"https:\/\/www.rocket2fame.com\/services\/vip-french-male-instagram-likes\/\",\"name\":\"[VIP] French Male Instagram Likes - Rocket2fame\",\"isPartOf\":{\"@id\":\"https:\/\/www.rocket2fame.com\/#website\"},\"primaryImageOfPage\":{\"@id\":\"https:\/\/www.rocket2fame.com\/services\/vip-french-male-instagram-likes\/#primaryimage\"},\"image\":{\"@id\":\"https:\/\/www.rocket2fame.com\/services\/vip-french-male-instagram-likes\/#primaryimage\"},\"thumbnailUrl\":\"https:\/\/www.rocket2fame.com\/wp-content\/uploads\/2025\/07\/social-media.png\",\"datePublished\":\"2025-07-27T04:17:38+00:00\",\"dateModified\":\"2025-10-27T14:11:44+00:00\",\"breadcrumb\":{\"@id\":\"https:\/\/www.rocket2fame.com\/services\/vip-french-male-instagram-likes\/#breadcrumb\"},\"inLanguage\":\"de\",\"potentialAction\":[{\"@type\":\"ReadAction\",\"target\":[\"https:\/\/www.rocket2fame.com\/services\/vip-french-male-instagram-likes\/\"]}]},{\"@type\":\"ImageObject\",\"inLanguage\":\"de\",\"@id\":\"https:\/\/www.rocket2fame.com\/services\/vip-french-male-instagram-likes\/#primaryimage\",\"url\":\"https:\/\/www.rocket2fame.com\/wp-content\/uploads\/2025\/07\/social-media.png\",\"contentUrl\":\"https:\/\/www.rocket2fame.com\/wp-content\/uploads\/2025\/07\/social-media.png\",\"width\":512,\"height\":512},{\"@type\":\"BreadcrumbList\",\"@id\":\"https:\/\/www.rocket2fame.com\/services\/vip-french-male-instagram-likes\/#breadcrumb\",\"itemListElement\":[{\"@type\":\"ListItem\",\"position\":1,\"name\":\"Accueil\",\"item\":\"https:\/\/www.rocket2fame.com\/\"},{\"@type\":\"ListItem\",\"position\":2,\"name\":\"Boutique\",\"item\":\"https:\/\/www.rocket2fame.com\/boutique\/\"},{\"@type\":\"ListItem\",\"position\":3,\"name\":\"[VIP] French Male Instagram Likes\"}]},{\"@type\":\"WebSite\",\"@id\":\"https:\/\/www.rocket2fame.com\/#website\",\"url\":\"https:\/\/www.rocket2fame.com\/\",\"name\":\"Rocket2fame\",\"description\":\"\",\"publisher\":{\"@id\":\"https:\/\/www.rocket2fame.com\/#organization\"},\"potentialAction\":[{\"@type\":\"SearchAction\",\"target\":{\"@type\":\"EntryPoint\",\"urlTemplate\":\"https:\/\/www.rocket2fame.com\/?s={search_term_string}\"},\"query-input\":{\"@type\":\"PropertyValueSpecification\",\"valueRequired\":true,\"valueName\":\"search_term_string\"}}],\"inLanguage\":\"de\"},{\"@type\":\"Organization\",\"@id\":\"https:\/\/www.rocket2fame.com\/#organization\",\"name\":\"Rocket2fame\",\"url\":\"https:\/\/www.rocket2fame.com\/\",\"logo\":{\"@type\":\"ImageObject\",\"inLanguage\":\"de\",\"@id\":\"https:\/\/www.rocket2fame.com\/#\/schema\/logo\/image\/\",\"url\":\"https:\/\/www.rocket2fame.com\/wp-content\/uploads\/2025\/07\/cropped-Logo.png\",\"contentUrl\":\"https:\/\/www.rocket2fame.com\/wp-content\/uploads\/2025\/07\/cropped-Logo.png\",\"width\":700,\"height\":233,\"caption\":\"Rocket2fame\"},\"image\":{\"@id\":\"https:\/\/www.rocket2fame.com\/#\/schema\/logo\/image\/\"}}]}<\/script>\n<!-- \/ Yoast SEO plugin. -->","yoast_head_json":{"title":"[VIP] French Male Instagram Likes - Rocket2fame","robots":{"index":"index","follow":"follow","max-snippet":"max-snippet:-1","max-image-preview":"max-image-preview:large","max-video-preview":"max-video-preview:-1"},"canonical":"https:\/\/www.rocket2fame.com\/de\/services\/vip-french-male-instagram-likes\/","og_locale":"de_DE","og_type":"article","og_title":"[VIP] French Male Instagram Likes - Rocket2fame","og_description":"No Password Required  High Quality Likes  Assistance 7\/7  Fast Delivery","og_url":"https:\/\/www.rocket2fame.com\/de\/services\/vip-french-male-instagram-likes\/","og_site_name":"Rocket2fame","article_modified_time":"2025-10-27T14:11:44+00:00","og_image":[{"width":512,"height":512,"url":"https:\/\/www.rocket2fame.com\/wp-content\/uploads\/2025\/07\/social-media.png","type":"image\/png"}],"twitter_card":"summary_large_image","twitter_misc":{"Gesch\u00e4tzte Lesezeit":"5\u00a0Minuten"},"schema":{"@context":"https:\/\/schema.org","@graph":[{"@type":"WebPage","@id":"https:\/\/www.rocket2fame.com\/services\/vip-french-male-instagram-likes\/","url":"https:\/\/www.rocket2fame.com\/services\/vip-french-male-instagram-likes\/","name":"[VIP] French Male Instagram Likes - Rocket2fame","isPartOf":{"@id":"https:\/\/www.rocket2fame.com\/#website"},"primaryImageOfPage":{"@id":"https:\/\/www.rocket2fame.com\/services\/vip-french-male-instagram-likes\/#primaryimage"},"image":{"@id":"https:\/\/www.rocket2fame.com\/services\/vip-french-male-instagram-likes\/#primaryimage"},"thumbnailUrl":"https:\/\/www.rocket2fame.com\/wp-content\/uploads\/2025\/07\/social-media.png","datePublished":"2025-07-27T04:17:38+00:00","dateModified":"2025-10-27T14:11:44+00:00","breadcrumb":{"@id":"https:\/\/www.rocket2fame.com\/services\/vip-french-male-instagram-likes\/#breadcrumb"},"inLanguage":"de","potentialAction":[{"@type":"ReadAction","target":["https:\/\/www.rocket2fame.com\/services\/vip-french-male-instagram-likes\/"]}]},{"@type":"ImageObject","inLanguage":"de","@id":"https:\/\/www.rocket2fame.com\/services\/vip-french-male-instagram-likes\/#primaryimage","url":"https:\/\/www.rocket2fame.com\/wp-content\/uploads\/2025\/07\/social-media.png","contentUrl":"https:\/\/www.rocket2fame.com\/wp-content\/uploads\/2025\/07\/social-media.png","width":512,"height":512},{"@type":"BreadcrumbList","@id":"https:\/\/www.rocket2fame.com\/services\/vip-french-male-instagram-likes\/#breadcrumb","itemListElement":[{"@type":"ListItem","position":1,"name":"Accueil","item":"https:\/\/www.rocket2fame.com\/"},{"@type":"ListItem","position":2,"name":"Boutique","item":"https:\/\/www.rocket2fame.com\/boutique\/"},{"@type":"ListItem","position":3,"name":"[VIP] French Male Instagram Likes"}]},{"@type":"WebSite","@id":"https:\/\/www.rocket2fame.com\/#website","url":"https:\/\/www.rocket2fame.com\/","name":"Rocket2fame","description":"","publisher":{"@id":"https:\/\/www.rocket2fame.com\/#organization"},"potentialAction":[{"@type":"SearchAction","target":{"@type":"EntryPoint","urlTemplate":"https:\/\/www.rocket2fame.com\/?s={search_term_string}"},"query-input":{"@type":"PropertyValueSpecification","valueRequired":true,"valueName":"search_term_string"}}],"inLanguage":"de"},{"@type":"Organization","@id":"https:\/\/www.rocket2fame.com\/#organization","name":"Rocket2fame","url":"https:\/\/www.rocket2fame.com\/","logo":{"@type":"ImageObject","inLanguage":"de","@id":"https:\/\/www.rocket2fame.com\/#\/schema\/logo\/image\/","url":"https:\/\/www.rocket2fame.com\/wp-content\/uploads\/2025\/07\/cropped-Logo.png","contentUrl":"https:\/\/www.rocket2fame.com\/wp-content\/uploads\/2025\/07\/cropped-Logo.png","width":700,"height":233,"caption":"Rocket2fame"},"image":{"@id":"https:\/\/www.rocket2fame.com\/#\/schema\/logo\/image\/"}}]}},"_links":{"self":[{"href":"https:\/\/www.rocket2fame.com\/de\/wp-json\/wp\/v2\/product\/490105","targetHints":{"allow":["GET"]}}],"collection":[{"href":"https:\/\/www.rocket2fame.com\/de\/wp-json\/wp\/v2\/product"}],"about":[{"href":"https:\/\/www.rocket2fame.com\/de\/wp-json\/wp\/v2\/types\/product"}],"wp:featuredmedia":[{"embeddable":true,"href":"https:\/\/www.rocket2fame.com\/de\/wp-json\/wp\/v2\/media\/489831"}],"wp:attachment":[{"href":"https:\/\/www.rocket2fame.com\/de\/wp-json\/wp\/v2\/media?parent=490105"}],"wp:term":[{"taxonomy":"product_brand","embeddable":true,"href":"https:\/\/www.rocket2fame.com\/de\/wp-json\/wp\/v2\/product_brand?post=490105"},{"taxonomy":"product_cat","embeddable":true,"href":"https:\/\/www.rocket2fame.com\/de\/wp-json\/wp\/v2\/product_cat?post=490105"},{"taxonomy":"product_tag","embeddable":true,"href":"https:\/\/www.rocket2fame.com\/de\/wp-json\/wp\/v2\/product_tag?post=490105"}],"curies":[{"name":"wp","href":"https:\/\/api.w.org\/{rel}","templated":true}]}}