 {"id":489989,"date":"2025-07-27T04:17:07","date_gmt":"2025-07-27T04:17:07","guid":{"rendered":"https:\/\/www.rocket2fame.com\/?post_type=product&#038;p=489989"},"modified":"2026-03-11T11:45:16","modified_gmt":"2026-03-11T11:45:16","slug":"tiktok-shares","status":"publish","type":"product","link":"https:\/\/www.rocket2fame.com\/es\/services\/tiktok-shares\/","title":{"rendered":"Compartir TikTok"},"content":{"rendered":"<br \/>\n<h2>Understanding the purchase of tiktok shares<\/h2>\n<p>\nThe term \u201cpurchase of shares\u201d refers to an online presence campaign managed by our team with the objective of increasing the number of \u201cshares\u201d visible on one or more tiktok posts designated by the Client.<br \/>\nThis does not constitute a transfer of ownership in the legal sense, but a visibility service allowing for an additional volume of shares through digital promotion campaigns managed by our agency.\n<\/p>\n<h2>What is the legal delivery timeframe after purchasing tiktok shares on your site?<\/h2>\n<p>\nSalvo que se indique lo contrario en la p\u00e1gina del producto o en el momento de realizar el pedido, cada campa\u00f1a se lleva a cabo con un plazo contractual m\u00e1ximo de treinta (30) d\u00edas naturales, a partir de la recepci\u00f3n de toda la informaci\u00f3n correcta y necesaria (cuenta p\u00fablica, enlaces\/ID v\u00e1lidos, sin restricciones de edad\/pa\u00eds, etc.).\n<\/p>\n<p>\nOfrecemos velocidades de entrega indicativas: lo m\u00e1s r\u00e1pido posible, gradual\/natural, en un plazo de 7 d\u00edas, en un plazo de 30 d\u00edas. Estas velocidades son objetivos operativos: nuestros equipos ajustan el ritmo (aceleraci\u00f3n\/modulaci\u00f3n) en funci\u00f3n de su cuenta, las publicaciones espec\u00edficas y las limitaciones de la plataforma. La opci\u00f3n \u00aben un plazo de 7 d\u00edas\u00bb corresponde a un esfuerzo particular por acelerar el proceso, sin crear una obligaci\u00f3n espec\u00edfica basada en los resultados; el plazo contractual sigue siendo de treinta d\u00edas.\n<\/p>\n<p>\nEl plazo queda suspendido mientras no se faciliten los elementos requeridos o si las publicaciones dejan de estar accesibles (cuenta privada, eliminaci\u00f3n\/archivo de publicaciones, cambio de URL\/nombre de usuario, restricciones de acceso, contenido no conforme, enlace incorrecto, validaci\u00f3n retrasada, etc.), situaciones estas que no son atribuibles a rocket2fame.com.\n<\/p>\n<p>\nEn caso de ralentizaciones excepcionales (factores t\u00e9cnicos\/de la plataforma), le informaremos y aplicaremos una soluci\u00f3n adecuada de conformidad con los T\u00e9rminos y condiciones: ajuste (entrega adicional), ampliaci\u00f3n de la campa\u00f1a o cr\u00e9dito proporcional al saldo no ejecutado; se podr\u00e1 considerar un reembolso parcial en los casos previstos en los T\u00e9rminos y condiciones o en la legislaci\u00f3n aplicable.\n<\/p>\n<h2><strong>Do you offer a guarantee against the loss of shares?<\/strong><\/h2>\n<p>\nYes. We offer a replacement guarantee of thirty (30) calendar days starting from the completion of delivery. If losses of shares directly related to the initial campaign are observed, a new online presence campaign may be launched to compensate for these losses.\n<\/p>\n<p>\nPara beneficiarse de la garant\u00eda, la solicitud debe realizarse en un plazo de treinta d\u00edas tras la finalizaci\u00f3n de la promoci\u00f3n enviando un correo electr\u00f3nico a<br \/>\n<a class=\"decorated-link cursor-pointer\" rel=\"noopener\" href=\"mailto:supp@rocket2fame.com\">mailto:supp@rocket2fame.com<\/a>&nbsp;:<br \/>\n\u2013 tu nombre de usuario,<br \/>\n\u2013 su n\u00famero de pedido,<br \/>\n\u2013 las URL de las publicaciones en cuesti\u00f3n,<br \/>\n\u2013 the number of missing shares observed.\n<\/p>\n<p>Condiciones de elegibilidad:<br \/>\n\u2013 La cuenta debe permanecer p\u00fablica.<br \/>\n\u2013 El nombre de usuario no debe cambiarse,<br \/>\n\u2013 No se pueden activar restricciones de edad ni geogr\u00e1ficas.<br \/>\n\u2013 Las publicaciones seleccionadas (publicaciones\/Reels) no deben eliminarse, archivarse ni limitarse a amigos cercanos.<\/p>\n<p>Cualquier cambio de nombre de usuario, cambio de la cuenta a privada o aplicaci\u00f3n de restricciones que hagan que la cuenta sea parcial o totalmente inaccesible anular\u00e1 inmediatamente la garant\u00eda. En tales casos, no se podr\u00e1 lanzar ninguna campa\u00f1a de sustituci\u00f3n.<br \/>\nNuestros equipos supervisan regularmente las campa\u00f1as para garantizar su correcta ejecuci\u00f3n. Sin embargo, una cuenta privada o inaccesible impide una supervisi\u00f3n adecuada y, por lo tanto, hace que la garant\u00eda sea inaplicable.<\/p>\n<p>Note: losses related to shares prior to the campaign are not taken into account; only decreases in \u201cshares\u201d attributable to the campaign covered by the guarantee may give rise to a new free online presence campaign to make up for these losses.<\/p>\n<p>Esta garant\u00eda comercial se aplica dentro de los l\u00edmites de los derechos aplicables y con sujeci\u00f3n a las disposiciones legales obligatorias.<\/p>\n<h2>Legal disclaimer on the purchase of tiktok shares on rocket2fame.com:<\/h2>\n<p>Our services are solely intended to enhance the online presence of the indicated account, through campaigns monitored by our team aimed at increasing shares (\u201cshares\u201d) and, where applicable, views. They do not imply any affiliation with the relevant platforms (tiktok, TikTok, etc.). The use of the services remains the exclusive responsibility of the Client and must comply with the terms imposed by these platforms. Our consulting services do not guarantee, without limitation, any commercial result, organic visibility, engagement, or marketing performance. Volumes and timeframes are indicative and subject to the limits set out in the T&#038;Cs. Unless otherwise specified at the time of ordering, the maximum execution period is thirty days.<\/p>\n<h2>Why choose our agency for your tiktok shares purchase campaign?<\/h2>\n<p>En rocket2fame.com, el apoyo humano es el n\u00facleo de nuestras campa\u00f1as de marketing digital. Apostamos por un enfoque personalizado: nada de paquetes gen\u00e9ricos, sino configuraciones adaptadas a tu perfil, sector y objetivos.<\/p>\n<p><strong>Lo que hacemos por usted:<\/strong><br \/>\n<strong>Consultor\u00eda especializada<\/strong>, antes y durante la campa\u00f1a: elecci\u00f3n de vol\u00famenes similares, ritmo de entrega, selecci\u00f3n de publicaciones y configuraciones compatibles con tu cuenta y tus limitaciones.<br \/>\n<strong>Gesti\u00f3n y seguimiento continuos<\/strong>: hacemos un seguimiento del progreso y ajustamos el ritmo (aceleraci\u00f3n\/modulaci\u00f3n) en funci\u00f3n de las limitaciones reales, las necesidades del cliente y nuestros compromisos contractuales.<br \/>\n<strong>Optimizaci\u00f3n pragm\u00e1tica<\/strong>: nuestros equipos realizan ajustes t\u00e9cnicos peri\u00f3dicos en las campa\u00f1as en curso para maximizar la eficacia de la campa\u00f1a de presencia online, de conformidad con nuestros compromisos contractuales y los intereses del cliente, con sujeci\u00f3n a las limitaciones de las plataformas de terceros.<br \/>\n<strong>Comunicaci\u00f3n transparente<\/strong>: puede ponerse en contacto con nosotros en cualquier momento por correo electr\u00f3nico para conocer el progreso o sugerir un cambio de ritmo.<br \/>\n<strong>Plazos de ajuste<\/strong>: algunos cambios operativos requieren un per\u00edodo de implementaci\u00f3n. A partir de su solicitud, la implementaci\u00f3n suele realizarse en un plazo de siete d\u00edas naturales, que puede ampliarse si es necesario realizar aclaraciones. Los plazos son orientativos y pueden variar en funci\u00f3n del per\u00edodo, la carga de trabajo y las limitaciones de la plataforma.<\/p>\n<h2>3 key strengths of the agency for buying tiktok shares with rocket2fame.com<\/h2>\n<h3>Consultor\u00eda personalizada<\/h3>\n<p>Antes del lanzamiento y durante toda la campa\u00f1a, nuestros equipos te brindan asesoramiento personalizado seg\u00fan tu perfil, sector y objetivos. Te ayudamos a definir vol\u00famenes, ritmos y configuraciones compatibles con tu cuenta para optimizar los resultados respetando tus limitaciones.<\/p>\n<h3>Supervisi\u00f3n y ajustes humanos<\/h3>\n<p>Cada campa\u00f1a es supervisada y controlada por nuestros equipos, que realizan ajustes peri\u00f3dicos en funci\u00f3n de la evoluci\u00f3n observada y las caracter\u00edsticas espec\u00edficas de su cuenta. Apostamos por un enfoque pragm\u00e1tico: se pueden aplicar aceleraciones, ralentizaciones o cambios de par\u00e1metros para garantizar la fluidez y la eficacia de la promoci\u00f3n.<\/p>\n<h3>Comunicaci\u00f3n y ritmo bajo demanda<\/h3>\n<p>Puede ponerse en contacto con nosotros en cualquier momento para solicitar un seguimiento o proponer ajustes en el ritmo. Nuestros equipos tienen en cuenta sus solicitudes y aplican los cambios necesarios en plazos razonables (por lo general, en un plazo de siete (7) d\u00edas naturales, salvo que se especifique lo contrario). Esta comunicaci\u00f3n continua nos permite adaptar la campa\u00f1a a sus necesidades, respetando al mismo tiempo nuestros compromisos contractuales.<\/p>","protected":false},"excerpt":{"rendered":"<ul>\n<li>No se requiere contrase\u00f1a<\/li>\n<li>Me gusta de alta calidad<\/li>\n<li>Asistencia 7 d\u00edas a la semana<\/li>\n<li>Entrega r\u00e1pida<\/li>\n<\/ul>","protected":false},"featured_media":489831,"template":"","meta":{"site-sidebar-layout":"default","site-content-layout":"default","ast-site-content-layout":"default","site-content-style":"default","site-sidebar-style":"default","ast-global-header-display":"","ast-banner-title-visibility":"","ast-main-header-display":"","ast-hfb-above-header-display":"","ast-hfb-below-header-display":"","ast-hfb-mobile-header-display":"","site-post-title":"","ast-breadcrumbs-content":"","ast-featured-img":"","footer-sml-layout":"","theme-transparent-header-meta":"default","adv-header-id-meta":"","stick-header-meta":"","header-above-stick-meta":"","header-main-stick-meta":"","header-below-stick-meta":"","astra-migrate-meta-layouts":"set","ast-page-background-enabled":"default","ast-page-background-meta":{"desktop":{"background-color":"var(--ast-global-color-5)","background-image":"","background-repeat":"repeat","background-position":"center center","background-size":"auto","background-attachment":"scroll","background-type":"","background-media":"","overlay-type":"","overlay-color":"","overlay-opacity":"","overlay-gradient":""},"tablet":{"background-color":"","background-image":"","background-repeat":"repeat","background-position":"center center","background-size":"auto","background-attachment":"scroll","background-type":"","background-media":"","overlay-type":"","overlay-color":"","overlay-opacity":"","overlay-gradient":""},"mobile":{"background-color":"","background-image":"","background-repeat":"repeat","background-position":"center center","background-size":"auto","background-attachment":"scroll","background-type":"","background-media":"","overlay-type":"","overlay-color":"","overlay-opacity":"","overlay-gradient":""}},"ast-content-background-meta":{"desktop":{"background-color":"var(--ast-global-color-4)","background-image":"","background-repeat":"repeat","background-position":"center center","background-size":"auto","background-attachment":"scroll","background-type":"","background-media":"","overlay-type":"","overlay-color":"","overlay-opacity":"","overlay-gradient":""},"tablet":{"background-color":"var(--ast-global-color-4)","background-image":"","background-repeat":"repeat","background-position":"center center","background-size":"auto","background-attachment":"scroll","background-type":"","background-media":"","overlay-type":"","overlay-color":"","overlay-opacity":"","overlay-gradient":""},"mobile":{"background-color":"var(--ast-global-color-4)","background-image":"","background-repeat":"repeat","background-position":"center center","background-size":"auto","background-attachment":"scroll","background-type":"","background-media":"","overlay-type":"","overlay-color":"","overlay-opacity":"","overlay-gradient":""}}},"product_brand":[],"product_cat":[83],"product_tag":[],"class_list":{"0":"post-489989","1":"product","2":"type-product","3":"status-publish","4":"has-post-thumbnail","6":"product_cat-tiktok","7":"desktop-align-left","8":"tablet-align-left","9":"mobile-align-left","11":"first","12":"instock","13":"sold-individually","14":"shipping-taxable","15":"purchasable","16":"product-type-variable","17":"has-default-attributes"},"yoast_head":"<!-- This site is optimized with the Yoast SEO plugin v25.3.1 - https:\/\/yoast.com\/wordpress\/plugins\/seo\/ -->\n<title>TikTok Shares - Rocket2fame<\/title>\n<meta name=\"robots\" content=\"index, follow, max-snippet:-1, max-image-preview:large, max-video-preview:-1\" \/>\n<link rel=\"canonical\" href=\"https:\/\/www.rocket2fame.com\/es\/services\/tiktok-shares\/\" \/>\n<meta property=\"og:locale\" content=\"es_ES\" \/>\n<meta property=\"og:type\" content=\"article\" \/>\n<meta property=\"og:title\" content=\"TikTok Shares - Rocket2fame\" \/>\n<meta property=\"og:description\" content=\"No Password Required  High Quality Likes  Assistance 7\/7  Fast Delivery\" \/>\n<meta property=\"og:url\" content=\"https:\/\/www.rocket2fame.com\/es\/services\/tiktok-shares\/\" \/>\n<meta property=\"og:site_name\" content=\"Rocket2fame\" \/>\n<meta property=\"article:modified_time\" content=\"2026-03-11T11:45:16+00:00\" \/>\n<meta property=\"og:image\" content=\"https:\/\/www.rocket2fame.com\/wp-content\/uploads\/2025\/07\/social-media.png\" \/>\n\t<meta property=\"og:image:width\" content=\"512\" \/>\n\t<meta property=\"og:image:height\" content=\"512\" \/>\n\t<meta property=\"og:image:type\" content=\"image\/png\" \/>\n<meta name=\"twitter:card\" content=\"summary_large_image\" \/>\n<meta name=\"twitter:label1\" content=\"Tiempo de lectura\" \/>\n\t<meta name=\"twitter:data1\" content=\"1 minuto\" \/>\n<script type=\"application\/ld+json\" class=\"yoast-schema-graph\">{\"@context\":\"https:\/\/schema.org\",\"@graph\":[{\"@type\":\"WebPage\",\"@id\":\"https:\/\/www.rocket2fame.com\/services\/tiktok-shares\/\",\"url\":\"https:\/\/www.rocket2fame.com\/services\/tiktok-shares\/\",\"name\":\"TikTok Shares - Rocket2fame\",\"isPartOf\":{\"@id\":\"https:\/\/www.rocket2fame.com\/#website\"},\"primaryImageOfPage\":{\"@id\":\"https:\/\/www.rocket2fame.com\/services\/tiktok-shares\/#primaryimage\"},\"image\":{\"@id\":\"https:\/\/www.rocket2fame.com\/services\/tiktok-shares\/#primaryimage\"},\"thumbnailUrl\":\"https:\/\/www.rocket2fame.com\/wp-content\/uploads\/2025\/07\/social-media.png\",\"datePublished\":\"2025-07-27T04:17:07+00:00\",\"dateModified\":\"2026-03-11T11:45:16+00:00\",\"breadcrumb\":{\"@id\":\"https:\/\/www.rocket2fame.com\/services\/tiktok-shares\/#breadcrumb\"},\"inLanguage\":\"es\",\"potentialAction\":[{\"@type\":\"ReadAction\",\"target\":[\"https:\/\/www.rocket2fame.com\/services\/tiktok-shares\/\"]}]},{\"@type\":\"ImageObject\",\"inLanguage\":\"es\",\"@id\":\"https:\/\/www.rocket2fame.com\/services\/tiktok-shares\/#primaryimage\",\"url\":\"https:\/\/www.rocket2fame.com\/wp-content\/uploads\/2025\/07\/social-media.png\",\"contentUrl\":\"https:\/\/www.rocket2fame.com\/wp-content\/uploads\/2025\/07\/social-media.png\",\"width\":512,\"height\":512},{\"@type\":\"BreadcrumbList\",\"@id\":\"https:\/\/www.rocket2fame.com\/services\/tiktok-shares\/#breadcrumb\",\"itemListElement\":[{\"@type\":\"ListItem\",\"position\":1,\"name\":\"Accueil\",\"item\":\"https:\/\/www.rocket2fame.com\/\"},{\"@type\":\"ListItem\",\"position\":2,\"name\":\"Boutique\",\"item\":\"https:\/\/www.rocket2fame.com\/boutique\/\"},{\"@type\":\"ListItem\",\"position\":3,\"name\":\"TikTok Shares\"}]},{\"@type\":\"WebSite\",\"@id\":\"https:\/\/www.rocket2fame.com\/#website\",\"url\":\"https:\/\/www.rocket2fame.com\/\",\"name\":\"Rocket2fame\",\"description\":\"\",\"publisher\":{\"@id\":\"https:\/\/www.rocket2fame.com\/#organization\"},\"potentialAction\":[{\"@type\":\"SearchAction\",\"target\":{\"@type\":\"EntryPoint\",\"urlTemplate\":\"https:\/\/www.rocket2fame.com\/?s={search_term_string}\"},\"query-input\":{\"@type\":\"PropertyValueSpecification\",\"valueRequired\":true,\"valueName\":\"search_term_string\"}}],\"inLanguage\":\"es\"},{\"@type\":\"Organization\",\"@id\":\"https:\/\/www.rocket2fame.com\/#organization\",\"name\":\"Rocket2fame\",\"url\":\"https:\/\/www.rocket2fame.com\/\",\"logo\":{\"@type\":\"ImageObject\",\"inLanguage\":\"es\",\"@id\":\"https:\/\/www.rocket2fame.com\/#\/schema\/logo\/image\/\",\"url\":\"https:\/\/www.rocket2fame.com\/wp-content\/uploads\/2025\/07\/cropped-Logo.png\",\"contentUrl\":\"https:\/\/www.rocket2fame.com\/wp-content\/uploads\/2025\/07\/cropped-Logo.png\",\"width\":700,\"height\":233,\"caption\":\"Rocket2fame\"},\"image\":{\"@id\":\"https:\/\/www.rocket2fame.com\/#\/schema\/logo\/image\/\"}}]}<\/script>\n<!-- \/ Yoast SEO plugin. -->","yoast_head_json":{"title":"TikTok Shares - Rocket2fame","robots":{"index":"index","follow":"follow","max-snippet":"max-snippet:-1","max-image-preview":"max-image-preview:large","max-video-preview":"max-video-preview:-1"},"canonical":"https:\/\/www.rocket2fame.com\/es\/services\/tiktok-shares\/","og_locale":"es_ES","og_type":"article","og_title":"TikTok Shares - Rocket2fame","og_description":"No Password Required  High Quality Likes  Assistance 7\/7  Fast Delivery","og_url":"https:\/\/www.rocket2fame.com\/es\/services\/tiktok-shares\/","og_site_name":"Rocket2fame","article_modified_time":"2026-03-11T11:45:16+00:00","og_image":[{"width":512,"height":512,"url":"https:\/\/www.rocket2fame.com\/wp-content\/uploads\/2025\/07\/social-media.png","type":"image\/png"}],"twitter_card":"summary_large_image","twitter_misc":{"Tiempo de lectura":"1 minuto"},"schema":{"@context":"https:\/\/schema.org","@graph":[{"@type":"WebPage","@id":"https:\/\/www.rocket2fame.com\/services\/tiktok-shares\/","url":"https:\/\/www.rocket2fame.com\/services\/tiktok-shares\/","name":"TikTok Shares - Rocket2fame","isPartOf":{"@id":"https:\/\/www.rocket2fame.com\/#website"},"primaryImageOfPage":{"@id":"https:\/\/www.rocket2fame.com\/services\/tiktok-shares\/#primaryimage"},"image":{"@id":"https:\/\/www.rocket2fame.com\/services\/tiktok-shares\/#primaryimage"},"thumbnailUrl":"https:\/\/www.rocket2fame.com\/wp-content\/uploads\/2025\/07\/social-media.png","datePublished":"2025-07-27T04:17:07+00:00","dateModified":"2026-03-11T11:45:16+00:00","breadcrumb":{"@id":"https:\/\/www.rocket2fame.com\/services\/tiktok-shares\/#breadcrumb"},"inLanguage":"es","potentialAction":[{"@type":"ReadAction","target":["https:\/\/www.rocket2fame.com\/services\/tiktok-shares\/"]}]},{"@type":"ImageObject","inLanguage":"es","@id":"https:\/\/www.rocket2fame.com\/services\/tiktok-shares\/#primaryimage","url":"https:\/\/www.rocket2fame.com\/wp-content\/uploads\/2025\/07\/social-media.png","contentUrl":"https:\/\/www.rocket2fame.com\/wp-content\/uploads\/2025\/07\/social-media.png","width":512,"height":512},{"@type":"BreadcrumbList","@id":"https:\/\/www.rocket2fame.com\/services\/tiktok-shares\/#breadcrumb","itemListElement":[{"@type":"ListItem","position":1,"name":"Accueil","item":"https:\/\/www.rocket2fame.com\/"},{"@type":"ListItem","position":2,"name":"Boutique","item":"https:\/\/www.rocket2fame.com\/boutique\/"},{"@type":"ListItem","position":3,"name":"TikTok Shares"}]},{"@type":"WebSite","@id":"https:\/\/www.rocket2fame.com\/#website","url":"https:\/\/www.rocket2fame.com\/","name":"Rocket2fame","description":"","publisher":{"@id":"https:\/\/www.rocket2fame.com\/#organization"},"potentialAction":[{"@type":"SearchAction","target":{"@type":"EntryPoint","urlTemplate":"https:\/\/www.rocket2fame.com\/?s={search_term_string}"},"query-input":{"@type":"PropertyValueSpecification","valueRequired":true,"valueName":"search_term_string"}}],"inLanguage":"es"},{"@type":"Organization","@id":"https:\/\/www.rocket2fame.com\/#organization","name":"Rocket2fame","url":"https:\/\/www.rocket2fame.com\/","logo":{"@type":"ImageObject","inLanguage":"es","@id":"https:\/\/www.rocket2fame.com\/#\/schema\/logo\/image\/","url":"https:\/\/www.rocket2fame.com\/wp-content\/uploads\/2025\/07\/cropped-Logo.png","contentUrl":"https:\/\/www.rocket2fame.com\/wp-content\/uploads\/2025\/07\/cropped-Logo.png","width":700,"height":233,"caption":"Rocket2fame"},"image":{"@id":"https:\/\/www.rocket2fame.com\/#\/schema\/logo\/image\/"}}]}},"_links":{"self":[{"href":"https:\/\/www.rocket2fame.com\/es\/wp-json\/wp\/v2\/product\/489989","targetHints":{"allow":["GET"]}}],"collection":[{"href":"https:\/\/www.rocket2fame.com\/es\/wp-json\/wp\/v2\/product"}],"about":[{"href":"https:\/\/www.rocket2fame.com\/es\/wp-json\/wp\/v2\/types\/product"}],"wp:featuredmedia":[{"embeddable":true,"href":"https:\/\/www.rocket2fame.com\/es\/wp-json\/wp\/v2\/media\/489831"}],"wp:attachment":[{"href":"https:\/\/www.rocket2fame.com\/es\/wp-json\/wp\/v2\/media?parent=489989"}],"wp:term":[{"taxonomy":"product_brand","embeddable":true,"href":"https:\/\/www.rocket2fame.com\/es\/wp-json\/wp\/v2\/product_brand?post=489989"},{"taxonomy":"product_cat","embeddable":true,"href":"https:\/\/www.rocket2fame.com\/es\/wp-json\/wp\/v2\/product_cat?post=489989"},{"taxonomy":"product_tag","embeddable":true,"href":"https:\/\/www.rocket2fame.com\/es\/wp-json\/wp\/v2\/product_tag?post=489989"}],"curies":[{"name":"wp","href":"https:\/\/api.w.org\/{rel}","templated":true}]}}