 {"id":489989,"date":"2025-07-27T04:17:07","date_gmt":"2025-07-27T04:17:07","guid":{"rendered":"https:\/\/www.rocket2fame.com\/?post_type=product&#038;p=489989"},"modified":"2026-03-11T11:45:16","modified_gmt":"2026-03-11T11:45:16","slug":"tiktok-shares","status":"publish","type":"product","link":"https:\/\/www.rocket2fame.com\/pt\/services\/tiktok-shares\/","title":{"rendered":"Compartilhamentos TikTok"},"content":{"rendered":"<br \/>\n<h2>Understanding the purchase of tiktok shares<\/h2>\n<p>\nThe term \u201cpurchase of shares\u201d refers to an online presence campaign managed by our team with the objective of increasing the number of \u201cshares\u201d visible on one or more tiktok posts designated by the Client.<br \/>\nThis does not constitute a transfer of ownership in the legal sense, but a visibility service allowing for an additional volume of shares through digital promotion campaigns managed by our agency.\n<\/p>\n<h2>What is the legal delivery timeframe after purchasing tiktok shares on your site?<\/h2>\n<p>\nSalvo indica\u00e7\u00e3o em contr\u00e1rio na p\u00e1gina do produto ou no momento da encomenda, cada campanha \u00e9 realizada com um prazo contratual m\u00e1ximo de trinta (30) dias corridos, a partir do recebimento de todas as informa\u00e7\u00f5es corretas e necess\u00e1rias (conta p\u00fablica, links\/IDs v\u00e1lidos, sem restri\u00e7\u00f5es de idade\/pa\u00eds, etc.).\n<\/p>\n<p>\nOferecemos velocidades de entrega indicativas \u2014 o mais r\u00e1pido poss\u00edvel, gradual\/natural, em 7 dias, em 30 dias. Essas velocidades s\u00e3o metas operacionais: nossas equipes ajustam o ritmo (acelera\u00e7\u00e3o\/modula\u00e7\u00e3o) de acordo com sua conta, publica\u00e7\u00f5es direcionadas e restri\u00e7\u00f5es da plataforma. A op\u00e7\u00e3o \u201cem 7 dias\u201d corresponde a um esfor\u00e7o espec\u00edfico para acelerar o processo, sem criar uma obriga\u00e7\u00e3o distinta baseada em resultados; o prazo contratual permanece em trinta dias.\n<\/p>\n<p>\nO prazo \u00e9 suspenso enquanto os elementos necess\u00e1rios n\u00e3o forem fornecidos ou se as publica\u00e7\u00f5es se tornarem inacess\u00edveis (conta tornada privada, elimina\u00e7\u00e3o\/arquivamento de publica\u00e7\u00f5es, altera\u00e7\u00e3o do URL\/nome de usu\u00e1rio, restri\u00e7\u00f5es de acesso, conte\u00fado n\u00e3o conforme, link incorreto, valida\u00e7\u00e3o atrasada, etc.), n\u00e3o sendo estas situa\u00e7\u00f5es imput\u00e1veis ao rocket2fame.com.\n<\/p>\n<p>\nEm caso de lentid\u00e3o excepcional (fatores t\u00e9cnicos\/da plataforma), informaremos voc\u00ea e implementaremos uma solu\u00e7\u00e3o adequada, de acordo com os Termos e Condi\u00e7\u00f5es: ajuste (entrega adicional), extens\u00e3o da campanha ou cr\u00e9dito proporcional ao saldo n\u00e3o executado; um reembolso parcial poder\u00e1 ser considerado nos casos previstos nos Termos e Condi\u00e7\u00f5es ou na legisla\u00e7\u00e3o aplic\u00e1vel.\n<\/p>\n<h2><strong>Do you offer a guarantee against the loss of shares?<\/strong><\/h2>\n<p>\nYes. We offer a replacement guarantee of thirty (30) calendar days starting from the completion of delivery. If losses of shares directly related to the initial campaign are observed, a new online presence campaign may be launched to compensate for these losses.\n<\/p>\n<p>\nPara beneficiar da garantia, o pedido deve ser feito no prazo de trinta dias ap\u00f3s o t\u00e9rmino da promo\u00e7\u00e3o, enviando um e-mail para<br \/>\n<a class=\"decorated-link cursor-pointer\" rel=\"noopener\" href=\"mailto:supp@rocket2fame.com\">mailto:supp@rocket2fame.com<\/a>&nbsp;:<br \/>\n\u2013 seu nome de usu\u00e1rio,<br \/>\n\u2013 o n\u00famero do seu pedido,<br \/>\n\u2013 os URLs das publica\u00e7\u00f5es em quest\u00e3o,<br \/>\n\u2013 the number of missing shares observed.\n<\/p>\n<p>Condi\u00e7\u00f5es de elegibilidade:<br \/>\n\u2013 a conta deve permanecer p\u00fablica,<br \/>\n\u2013 o nome de usu\u00e1rio n\u00e3o deve ser alterado,<br \/>\n\u2013 n\u00e3o podem ser ativadas restri\u00e7\u00f5es de idade ou geogr\u00e1ficas.<br \/>\n\u2013 as publica\u00e7\u00f5es visadas (publica\u00e7\u00f5es\/Reels) n\u00e3o devem ser exclu\u00eddas, arquivadas ou limitadas a Amigos Pr\u00f3ximos.<\/p>\n<p>Qualquer altera\u00e7\u00e3o do nome de usu\u00e1rio, mudan\u00e7a da conta para privada ou aplica\u00e7\u00e3o de restri\u00e7\u00f5es que tornem a conta parcial ou totalmente inacess\u00edvel invalida imediatamente a garantia. Nesses casos, nenhuma campanha de substitui\u00e7\u00e3o poder\u00e1 ser lan\u00e7ada.<br \/>\nNossas equipes supervisionam regularmente as campanhas para garantir sua execu\u00e7\u00e3o correta. No entanto, uma conta privada ou inacess\u00edvel impede uma supervis\u00e3o adequada e, portanto, torna a garantia inaplic\u00e1vel.<\/p>\n<p>Note: losses related to shares prior to the campaign are not taken into account; only decreases in \u201cshares\u201d attributable to the campaign covered by the guarantee may give rise to a new free online presence campaign to make up for these losses.<\/p>\n<p>Esta garantia comercial aplica-se dentro dos limites dos direitos aplic\u00e1veis e sujeita \u00e0s disposi\u00e7\u00f5es legais obrigat\u00f3rias.<\/p>\n<h2>Legal disclaimer on the purchase of tiktok shares on rocket2fame.com:<\/h2>\n<p>Our services are solely intended to enhance the online presence of the indicated account, through campaigns monitored by our team aimed at increasing shares (\u201cshares\u201d) and, where applicable, views. They do not imply any affiliation with the relevant platforms (tiktok, TikTok, etc.). The use of the services remains the exclusive responsibility of the Client and must comply with the terms imposed by these platforms. Our consulting services do not guarantee, without limitation, any commercial result, organic visibility, engagement, or marketing performance. Volumes and timeframes are indicative and subject to the limits set out in the T&#038;Cs. Unless otherwise specified at the time of ordering, the maximum execution period is thirty days.<\/p>\n<h2>Why choose our agency for your tiktok shares purchase campaign?<\/h2>\n<p>Na rocket2fame.com, o suporte humano est\u00e1 no centro das nossas campanhas de marketing digital. Preferimos uma abordagem personalizada: nada de pacotes gen\u00e9ricos, mas configura\u00e7\u00f5es adaptadas ao seu perfil, setor e objetivos.<\/p>\n<p><strong>O que fazemos por voc\u00ea:<\/strong><br \/>\n<strong>Consultoria dedicada<\/strong>, antes e durante a campanha: escolha de volumes semelhantes, ritmo de entrega, sele\u00e7\u00e3o de publica\u00e7\u00f5es e configura\u00e7\u00f5es compat\u00edveis com sua conta e restri\u00e7\u00f5es.<br \/>\n<strong>Gest\u00e3o e monitoramento cont\u00ednuos<\/strong>: acompanhamos o progresso e ajustamos o ritmo (acelera\u00e7\u00e3o\/modula\u00e7\u00e3o) de acordo com as restri\u00e7\u00f5es reais, as necessidades do cliente e nossos compromissos contratuais.<br \/>\n<strong>Otimiza\u00e7\u00e3o pragm\u00e1tica<\/strong>: nossas equipes realizam ajustes t\u00e9cnicos recorrentes nas campanhas em andamento para maximizar a efic\u00e1cia da campanha de presen\u00e7a online, em conformidade com nossos compromissos contratuais e os interesses do Cliente, sujeitos aos limites da plataforma de terceiros.<br \/>\n<strong>Comunica\u00e7\u00e3o transparente<\/strong>: voc\u00ea pode entrar em contato conosco a qualquer momento por e-mail para saber o andamento ou sugerir uma mudan\u00e7a no ritmo.<br \/>\n<strong>Prazos para ajustes<\/strong>Algumas altera\u00e7\u00f5es operacionais requerem um per\u00edodo de implementa\u00e7\u00e3o. A partir da sua solicita\u00e7\u00e3o, a implementa\u00e7\u00e3o geralmente ocorre dentro de sete dias corridos, um per\u00edodo que pode ser prorrogado se forem necess\u00e1rios esclarecimentos. Os prazos s\u00e3o indicativos e podem variar dependendo do per\u00edodo, da carga de trabalho e das restri\u00e7\u00f5es da plataforma.<\/p>\n<h2>3 key strengths of the agency for buying tiktok shares with rocket2fame.com<\/h2>\n<h3>Consultoria personalizada<\/h3>\n<p>Antes do lan\u00e7amento e ao longo da campanha, nossas equipes oferecem suporte com recomenda\u00e7\u00f5es personalizadas de acordo com seu perfil, setor e objetivos. Ajudamos a definir volumes, ritmos e configura\u00e7\u00f5es compat\u00edveis com sua conta para otimizar os resultados, respeitando suas restri\u00e7\u00f5es.<\/p>\n<h3>Supervis\u00e3o e ajustes humanos<\/h3>\n<p>Each campaign is monitored and supervised by our teams, who make regular adjustments based on observed developments, performance of targeted posts, and the specifics of your account. We favor a pragmatic approach: accelerations, slowdowns, or parameter changes may be applied to ensure the fluidity and effectiveness of the promotion.<\/p>\n<h3>Comunica\u00e7\u00e3o e ritmo sob demanda<\/h3>\n<p>Voc\u00ea pode entrar em contato conosco a qualquer momento para solicitar acompanhamento ou propor ajustes no ritmo. Nossas equipes levam em considera\u00e7\u00e3o suas solicita\u00e7\u00f5es e implementam as altera\u00e7\u00f5es necess\u00e1rias dentro de prazos razo\u00e1veis (geralmente dentro de sete (7) dias corridos, salvo indica\u00e7\u00e3o em contr\u00e1rio). Essa comunica\u00e7\u00e3o cont\u00ednua nos permite adaptar a campanha \u00e0s suas necessidades, honrando nossos compromissos contratuais.<\/p>","protected":false},"excerpt":{"rendered":"<ul>\n<li>Sem necessidade de senha<\/li>\n<li>Curtidas de alta qualidade<\/li>\n<li>Assist\u00eancia 7 dias por semana<\/li>\n<li>Entrega r\u00e1pida<\/li>\n<\/ul>","protected":false},"featured_media":489831,"template":"","meta":{"site-sidebar-layout":"default","site-content-layout":"default","ast-site-content-layout":"default","site-content-style":"default","site-sidebar-style":"default","ast-global-header-display":"","ast-banner-title-visibility":"","ast-main-header-display":"","ast-hfb-above-header-display":"","ast-hfb-below-header-display":"","ast-hfb-mobile-header-display":"","site-post-title":"","ast-breadcrumbs-content":"","ast-featured-img":"","footer-sml-layout":"","theme-transparent-header-meta":"default","adv-header-id-meta":"","stick-header-meta":"","header-above-stick-meta":"","header-main-stick-meta":"","header-below-stick-meta":"","astra-migrate-meta-layouts":"set","ast-page-background-enabled":"default","ast-page-background-meta":{"desktop":{"background-color":"var(--ast-global-color-5)","background-image":"","background-repeat":"repeat","background-position":"center center","background-size":"auto","background-attachment":"scroll","background-type":"","background-media":"","overlay-type":"","overlay-color":"","overlay-opacity":"","overlay-gradient":""},"tablet":{"background-color":"","background-image":"","background-repeat":"repeat","background-position":"center center","background-size":"auto","background-attachment":"scroll","background-type":"","background-media":"","overlay-type":"","overlay-color":"","overlay-opacity":"","overlay-gradient":""},"mobile":{"background-color":"","background-image":"","background-repeat":"repeat","background-position":"center center","background-size":"auto","background-attachment":"scroll","background-type":"","background-media":"","overlay-type":"","overlay-color":"","overlay-opacity":"","overlay-gradient":""}},"ast-content-background-meta":{"desktop":{"background-color":"var(--ast-global-color-4)","background-image":"","background-repeat":"repeat","background-position":"center center","background-size":"auto","background-attachment":"scroll","background-type":"","background-media":"","overlay-type":"","overlay-color":"","overlay-opacity":"","overlay-gradient":""},"tablet":{"background-color":"var(--ast-global-color-4)","background-image":"","background-repeat":"repeat","background-position":"center center","background-size":"auto","background-attachment":"scroll","background-type":"","background-media":"","overlay-type":"","overlay-color":"","overlay-opacity":"","overlay-gradient":""},"mobile":{"background-color":"var(--ast-global-color-4)","background-image":"","background-repeat":"repeat","background-position":"center center","background-size":"auto","background-attachment":"scroll","background-type":"","background-media":"","overlay-type":"","overlay-color":"","overlay-opacity":"","overlay-gradient":""}}},"product_brand":[],"product_cat":[83],"product_tag":[],"class_list":{"0":"post-489989","1":"product","2":"type-product","3":"status-publish","4":"has-post-thumbnail","6":"product_cat-tiktok","7":"desktop-align-left","8":"tablet-align-left","9":"mobile-align-left","11":"first","12":"instock","13":"sold-individually","14":"shipping-taxable","15":"purchasable","16":"product-type-variable","17":"has-default-attributes"},"yoast_head":"<!-- This site is optimized with the Yoast SEO plugin v25.3.1 - https:\/\/yoast.com\/wordpress\/plugins\/seo\/ -->\n<title>TikTok Shares - Rocket2fame<\/title>\n<meta name=\"robots\" content=\"index, follow, max-snippet:-1, max-image-preview:large, max-video-preview:-1\" \/>\n<link rel=\"canonical\" href=\"https:\/\/www.rocket2fame.com\/pt\/services\/tiktok-shares\/\" \/>\n<meta property=\"og:locale\" content=\"pt_BR\" \/>\n<meta property=\"og:type\" content=\"article\" \/>\n<meta property=\"og:title\" content=\"TikTok Shares - Rocket2fame\" \/>\n<meta property=\"og:description\" content=\"No Password Required  High Quality Likes  Assistance 7\/7  Fast Delivery\" \/>\n<meta property=\"og:url\" content=\"https:\/\/www.rocket2fame.com\/pt\/services\/tiktok-shares\/\" \/>\n<meta property=\"og:site_name\" content=\"Rocket2fame\" \/>\n<meta property=\"article:modified_time\" content=\"2026-03-11T11:45:16+00:00\" \/>\n<meta property=\"og:image\" content=\"https:\/\/www.rocket2fame.com\/wp-content\/uploads\/2025\/07\/social-media.png\" \/>\n\t<meta property=\"og:image:width\" content=\"512\" \/>\n\t<meta property=\"og:image:height\" content=\"512\" \/>\n\t<meta property=\"og:image:type\" content=\"image\/png\" \/>\n<meta name=\"twitter:card\" content=\"summary_large_image\" \/>\n<meta name=\"twitter:label1\" content=\"Est. tempo de leitura\" \/>\n\t<meta name=\"twitter:data1\" content=\"1 minuto\" \/>\n<script type=\"application\/ld+json\" class=\"yoast-schema-graph\">{\"@context\":\"https:\/\/schema.org\",\"@graph\":[{\"@type\":\"WebPage\",\"@id\":\"https:\/\/www.rocket2fame.com\/services\/tiktok-shares\/\",\"url\":\"https:\/\/www.rocket2fame.com\/services\/tiktok-shares\/\",\"name\":\"TikTok Shares - Rocket2fame\",\"isPartOf\":{\"@id\":\"https:\/\/www.rocket2fame.com\/#website\"},\"primaryImageOfPage\":{\"@id\":\"https:\/\/www.rocket2fame.com\/services\/tiktok-shares\/#primaryimage\"},\"image\":{\"@id\":\"https:\/\/www.rocket2fame.com\/services\/tiktok-shares\/#primaryimage\"},\"thumbnailUrl\":\"https:\/\/www.rocket2fame.com\/wp-content\/uploads\/2025\/07\/social-media.png\",\"datePublished\":\"2025-07-27T04:17:07+00:00\",\"dateModified\":\"2026-03-11T11:45:16+00:00\",\"breadcrumb\":{\"@id\":\"https:\/\/www.rocket2fame.com\/services\/tiktok-shares\/#breadcrumb\"},\"inLanguage\":\"pt-BR\",\"potentialAction\":[{\"@type\":\"ReadAction\",\"target\":[\"https:\/\/www.rocket2fame.com\/services\/tiktok-shares\/\"]}]},{\"@type\":\"ImageObject\",\"inLanguage\":\"pt-BR\",\"@id\":\"https:\/\/www.rocket2fame.com\/services\/tiktok-shares\/#primaryimage\",\"url\":\"https:\/\/www.rocket2fame.com\/wp-content\/uploads\/2025\/07\/social-media.png\",\"contentUrl\":\"https:\/\/www.rocket2fame.com\/wp-content\/uploads\/2025\/07\/social-media.png\",\"width\":512,\"height\":512},{\"@type\":\"BreadcrumbList\",\"@id\":\"https:\/\/www.rocket2fame.com\/services\/tiktok-shares\/#breadcrumb\",\"itemListElement\":[{\"@type\":\"ListItem\",\"position\":1,\"name\":\"Accueil\",\"item\":\"https:\/\/www.rocket2fame.com\/\"},{\"@type\":\"ListItem\",\"position\":2,\"name\":\"Boutique\",\"item\":\"https:\/\/www.rocket2fame.com\/boutique\/\"},{\"@type\":\"ListItem\",\"position\":3,\"name\":\"TikTok Shares\"}]},{\"@type\":\"WebSite\",\"@id\":\"https:\/\/www.rocket2fame.com\/#website\",\"url\":\"https:\/\/www.rocket2fame.com\/\",\"name\":\"Rocket2fame\",\"description\":\"\",\"publisher\":{\"@id\":\"https:\/\/www.rocket2fame.com\/#organization\"},\"potentialAction\":[{\"@type\":\"SearchAction\",\"target\":{\"@type\":\"EntryPoint\",\"urlTemplate\":\"https:\/\/www.rocket2fame.com\/?s={search_term_string}\"},\"query-input\":{\"@type\":\"PropertyValueSpecification\",\"valueRequired\":true,\"valueName\":\"search_term_string\"}}],\"inLanguage\":\"pt-BR\"},{\"@type\":\"Organization\",\"@id\":\"https:\/\/www.rocket2fame.com\/#organization\",\"name\":\"Rocket2fame\",\"url\":\"https:\/\/www.rocket2fame.com\/\",\"logo\":{\"@type\":\"ImageObject\",\"inLanguage\":\"pt-BR\",\"@id\":\"https:\/\/www.rocket2fame.com\/#\/schema\/logo\/image\/\",\"url\":\"https:\/\/www.rocket2fame.com\/wp-content\/uploads\/2025\/07\/cropped-Logo.png\",\"contentUrl\":\"https:\/\/www.rocket2fame.com\/wp-content\/uploads\/2025\/07\/cropped-Logo.png\",\"width\":700,\"height\":233,\"caption\":\"Rocket2fame\"},\"image\":{\"@id\":\"https:\/\/www.rocket2fame.com\/#\/schema\/logo\/image\/\"}}]}<\/script>\n<!-- \/ Yoast SEO plugin. -->","yoast_head_json":{"title":"TikTok Shares - Rocket2fame","robots":{"index":"index","follow":"follow","max-snippet":"max-snippet:-1","max-image-preview":"max-image-preview:large","max-video-preview":"max-video-preview:-1"},"canonical":"https:\/\/www.rocket2fame.com\/pt\/services\/tiktok-shares\/","og_locale":"pt_BR","og_type":"article","og_title":"TikTok Shares - Rocket2fame","og_description":"No Password Required  High Quality Likes  Assistance 7\/7  Fast Delivery","og_url":"https:\/\/www.rocket2fame.com\/pt\/services\/tiktok-shares\/","og_site_name":"Rocket2fame","article_modified_time":"2026-03-11T11:45:16+00:00","og_image":[{"width":512,"height":512,"url":"https:\/\/www.rocket2fame.com\/wp-content\/uploads\/2025\/07\/social-media.png","type":"image\/png"}],"twitter_card":"summary_large_image","twitter_misc":{"Est. tempo de leitura":"1 minuto"},"schema":{"@context":"https:\/\/schema.org","@graph":[{"@type":"WebPage","@id":"https:\/\/www.rocket2fame.com\/services\/tiktok-shares\/","url":"https:\/\/www.rocket2fame.com\/services\/tiktok-shares\/","name":"TikTok Shares - Rocket2fame","isPartOf":{"@id":"https:\/\/www.rocket2fame.com\/#website"},"primaryImageOfPage":{"@id":"https:\/\/www.rocket2fame.com\/services\/tiktok-shares\/#primaryimage"},"image":{"@id":"https:\/\/www.rocket2fame.com\/services\/tiktok-shares\/#primaryimage"},"thumbnailUrl":"https:\/\/www.rocket2fame.com\/wp-content\/uploads\/2025\/07\/social-media.png","datePublished":"2025-07-27T04:17:07+00:00","dateModified":"2026-03-11T11:45:16+00:00","breadcrumb":{"@id":"https:\/\/www.rocket2fame.com\/services\/tiktok-shares\/#breadcrumb"},"inLanguage":"pt-BR","potentialAction":[{"@type":"ReadAction","target":["https:\/\/www.rocket2fame.com\/services\/tiktok-shares\/"]}]},{"@type":"ImageObject","inLanguage":"pt-BR","@id":"https:\/\/www.rocket2fame.com\/services\/tiktok-shares\/#primaryimage","url":"https:\/\/www.rocket2fame.com\/wp-content\/uploads\/2025\/07\/social-media.png","contentUrl":"https:\/\/www.rocket2fame.com\/wp-content\/uploads\/2025\/07\/social-media.png","width":512,"height":512},{"@type":"BreadcrumbList","@id":"https:\/\/www.rocket2fame.com\/services\/tiktok-shares\/#breadcrumb","itemListElement":[{"@type":"ListItem","position":1,"name":"Accueil","item":"https:\/\/www.rocket2fame.com\/"},{"@type":"ListItem","position":2,"name":"Boutique","item":"https:\/\/www.rocket2fame.com\/boutique\/"},{"@type":"ListItem","position":3,"name":"TikTok Shares"}]},{"@type":"WebSite","@id":"https:\/\/www.rocket2fame.com\/#website","url":"https:\/\/www.rocket2fame.com\/","name":"Rocket2fame","description":"","publisher":{"@id":"https:\/\/www.rocket2fame.com\/#organization"},"potentialAction":[{"@type":"SearchAction","target":{"@type":"EntryPoint","urlTemplate":"https:\/\/www.rocket2fame.com\/?s={search_term_string}"},"query-input":{"@type":"PropertyValueSpecification","valueRequired":true,"valueName":"search_term_string"}}],"inLanguage":"pt-BR"},{"@type":"Organization","@id":"https:\/\/www.rocket2fame.com\/#organization","name":"Rocket2fame","url":"https:\/\/www.rocket2fame.com\/","logo":{"@type":"ImageObject","inLanguage":"pt-BR","@id":"https:\/\/www.rocket2fame.com\/#\/schema\/logo\/image\/","url":"https:\/\/www.rocket2fame.com\/wp-content\/uploads\/2025\/07\/cropped-Logo.png","contentUrl":"https:\/\/www.rocket2fame.com\/wp-content\/uploads\/2025\/07\/cropped-Logo.png","width":700,"height":233,"caption":"Rocket2fame"},"image":{"@id":"https:\/\/www.rocket2fame.com\/#\/schema\/logo\/image\/"}}]}},"_links":{"self":[{"href":"https:\/\/www.rocket2fame.com\/pt\/wp-json\/wp\/v2\/product\/489989","targetHints":{"allow":["GET"]}}],"collection":[{"href":"https:\/\/www.rocket2fame.com\/pt\/wp-json\/wp\/v2\/product"}],"about":[{"href":"https:\/\/www.rocket2fame.com\/pt\/wp-json\/wp\/v2\/types\/product"}],"wp:featuredmedia":[{"embeddable":true,"href":"https:\/\/www.rocket2fame.com\/pt\/wp-json\/wp\/v2\/media\/489831"}],"wp:attachment":[{"href":"https:\/\/www.rocket2fame.com\/pt\/wp-json\/wp\/v2\/media?parent=489989"}],"wp:term":[{"taxonomy":"product_brand","embeddable":true,"href":"https:\/\/www.rocket2fame.com\/pt\/wp-json\/wp\/v2\/product_brand?post=489989"},{"taxonomy":"product_cat","embeddable":true,"href":"https:\/\/www.rocket2fame.com\/pt\/wp-json\/wp\/v2\/product_cat?post=489989"},{"taxonomy":"product_tag","embeddable":true,"href":"https:\/\/www.rocket2fame.com\/pt\/wp-json\/wp\/v2\/product_tag?post=489989"}],"curies":[{"name":"wp","href":"https:\/\/api.w.org\/{rel}","templated":true}]}}