 {"id":490547,"date":"2025-07-27T04:19:58","date_gmt":"2025-07-27T04:19:58","guid":{"rendered":"https:\/\/www.rocket2fame.com\/?post_type=product&#038;p=490547"},"modified":"2025-10-27T14:11:28","modified_gmt":"2025-10-27T14:11:28","slug":"vip-male-german-instagram-followers","status":"publish","type":"product","link":"https:\/\/www.rocket2fame.com\/pt\/services\/vip-male-german-instagram-followers\/","title":{"rendered":"[VIP] Seguidores masculinos alem\u00e3es no Instagram"},"content":{"rendered":"<h2>Entendendo a compra de seguidores no Instagram<\/h2>\n<p>A express\u00e3o \u201ccompra de seguidores no Instagram\u201d refere-se a uma campanha de presen\u00e7a online gerenciada pela nossa equipe com o objetivo de aumentar o n\u00famero de seguidores vis\u00edveis na conta do Instagram designada pelo Cliente. Isso n\u00e3o constitui uma transfer\u00eancia de propriedade no sentido jur\u00eddico, mas sim um servi\u00e7o de visibilidade que fornece um volume adicional de seguidores por meio de campanhas de promo\u00e7\u00e3o digital gerenciadas pela nossa ag\u00eancia.<\/p>\n<h2>Qual \u00e9 o prazo legal de entrega ap\u00f3s a compra de seguidores do Instagram no seu site?<\/h2>\n<p>Cada campanha \u00e9 realizada com um prazo contratual m\u00e1ximo de trinta (30) dias corridos, a partir do recebimento de todas as informa\u00e7\u00f5es corretas e necess\u00e1rias (conta p\u00fablica, nome de usu\u00e1rio\/link v\u00e1lido, sem restri\u00e7\u00f5es de idade\/pa\u00eds, etc.). Oferecemos velocidades de entrega indicativas \u2014 o mais r\u00e1pido poss\u00edvel, gradual\/natural, em 7 dias, em 30 dias. Essas velocidades s\u00e3o metas operacionais: nossas equipes ajustam o ritmo (acelera\u00e7\u00e3o\/modula\u00e7\u00e3o) de acordo com as restri\u00e7\u00f5es da sua conta e plataforma. A op\u00e7\u00e3o \u201cem 7 dias\u201d representa um esfor\u00e7o espec\u00edfico para uma entrega mais r\u00e1pida, sem criar uma obriga\u00e7\u00e3o separada baseada em resultados; o prazo contratual permanece em trinta dias. O prazo de entrega \u00e9 suspenso enquanto os elementos necess\u00e1rios n\u00e3o forem fornecidos, incluindo nos casos em que o link est\u00e1 ausente, incompleto, incorreto ou inacess\u00edvel. Se a conta se tornar inacess\u00edvel (mudan\u00e7a para privada, altera\u00e7\u00e3o do nome de usu\u00e1rio, ativa\u00e7\u00e3o de restri\u00e7\u00f5es de acesso, conte\u00fado n\u00e3o conforme, etc.), a campanha n\u00e3o poder\u00e1 come\u00e7ar. Sem um link v\u00e1lido e totalmente acess\u00edvel, o pedido permanece pendente e n\u00e3o pode ser executado ou reembolsado, exceto nos casos expressamente previstos por lei.<\/p>\n<p>Em caso de atrasos excepcionais, \u00e9 da responsabilidade do Cliente entrar em contato conosco para relatar a situa\u00e7\u00e3o. Ap\u00f3s an\u00e1lise, implementaremos a solu\u00e7\u00e3o adequada de acordo com os Termos e Condi\u00e7\u00f5es: ajuste (entrega adicional), extens\u00e3o da campanha ou emiss\u00e3o de uma nota de cr\u00e9dito proporcional \u00e0 parte n\u00e3o cumprida; se aplic\u00e1vel, um reembolso parcial poder\u00e1 ser concedido proporcionalmente \u00e0 parte n\u00e3o executada, de acordo com os Termos e Condi\u00e7\u00f5es e dentro dos limites da lei aplic\u00e1vel. Um reembolso total s\u00f3 pode ser considerado no mesmo \u00e2mbito, dentro dos limites da lei aplic\u00e1vel.<\/p>\n<h2>Voc\u00eas oferecem garantia contra a perda de seguidores no Instagram?<\/h2>\n<p>Sim. Oferecemos uma garantia de substitui\u00e7\u00e3o de trinta (30) dias corridos a partir da conclus\u00e3o da entrega. Se forem observadas perdas diretamente relacionadas \u00e0 campanha inicial, uma nova campanha de presen\u00e7a online poder\u00e1 ser lan\u00e7ada para compensar essas perdas.<\/p>\n<p>Para beneficiar da garantia, o pedido deve ser feito no prazo de trinta dias ap\u00f3s o t\u00e9rmino da promo\u00e7\u00e3o, enviando um e-mail para <a href=\"mailto:supp@rocket2fame.com\">mailto:supp@rocket2fame.com<br \/>\n<\/a> incluindo:<br \/>\n\u2013 seu nome de usu\u00e1rio,<br \/>\n\u2013 o n\u00famero do seu pedido,<br \/>\n\u2013 o n\u00famero de seguidores ausentes observados.<\/p>\n<p>Condi\u00e7\u00f5es de elegibilidade:<br \/>\n\u2013 a conta deve permanecer p\u00fablica,<br \/>\n\u2013 o nome de usu\u00e1rio n\u00e3o deve ser alterado,<br \/>\n\u2013 n\u00e3o podem ser ativadas restri\u00e7\u00f5es de idade ou geogr\u00e1ficas.<\/p>\n<p>Qualquer altera\u00e7\u00e3o do nome de usu\u00e1rio, mudan\u00e7a da conta para privada ou aplica\u00e7\u00e3o de restri\u00e7\u00f5es que tornem a conta parcial ou totalmente inacess\u00edvel invalida imediatamente a garantia. Nesses casos, nenhuma campanha de substitui\u00e7\u00e3o poder\u00e1 ser lan\u00e7ada.<br \/>\nNossas equipes supervisionam regularmente as campanhas para garantir sua execu\u00e7\u00e3o correta. No entanto, uma conta privada ou inacess\u00edvel impede uma supervis\u00e3o adequada e, portanto, torna a garantia inaplic\u00e1vel.<\/p>\n<p>A garantia comercial n\u00e3o pode ser aplicada se, ap\u00f3s a entrega, a conta em quest\u00e3o se tornar privada, se o nome de usu\u00e1rio for alterado ou se restri\u00e7\u00f5es (idade, pa\u00eds, p\u00fablico, etc.) limitarem o acesso. Em tais situa\u00e7\u00f5es, a garantia \u00e9 suspensa ou anulada, e nenhuma substitui\u00e7\u00e3o poder\u00e1 ser acionada, exceto nos casos expressamente previstos em lei.<\/p>\n<p>Observa\u00e7\u00e3o: as perdas relacionadas aos seguidores anteriores \u00e0 campanha n\u00e3o s\u00e3o cobertas; apenas as perdas atribu\u00edveis \u00e0 campanha garantida podem resultar em uma nova campanha de presen\u00e7a online gratuita para cobrir essas perdas.<br \/>\nEsta garantia comercial aplica-se dentro dos limites dos direitos aplic\u00e1veis e sujeita \u00e0s disposi\u00e7\u00f5es legais obrigat\u00f3rias.<\/p>\n<h2>Isen\u00e7\u00e3o de responsabilidade legal sobre a compra de seguidores no Instagram em rocket2fame.com:<\/h2>\n<p>Nossos servi\u00e7os t\u00eam como \u00fanico objetivo melhorar a presen\u00e7a online da conta espec\u00edfica do Instagram, por meio de campanhas monitoradas por nossa equipe que visam aumentar o n\u00famero de seguidores. Eles n\u00e3o implicam qualquer afilia\u00e7\u00e3o com a plataforma em quest\u00e3o (Instagram). A utiliza\u00e7\u00e3o dos servi\u00e7os \u00e9 da exclusiva responsabilidade do Cliente e deve estar em conformidade com os termos e condi\u00e7\u00f5es da plataforma. Os nossos servi\u00e7os de consultoria n\u00e3o garantem, sem limita\u00e7\u00e3o, quaisquer resultados comerciais, visibilidade org\u00e2nica, engajamento ou desempenho de marketing. Os volumes e prazos s\u00e3o indicativos e est\u00e3o sujeitos aos limites estabelecidos nos Termos e Condi\u00e7\u00f5es (T&amp;Cs). Salvo indica\u00e7\u00e3o em contr\u00e1rio no momento da encomenda, o prazo m\u00e1ximo de execu\u00e7\u00e3o \u00e9 de trinta (30) dias.<\/p>\n<h2>Por que escolher nossa ag\u00eancia para sua campanha de compra de seguidores no Instagram?<\/h2>\n<p>Na rocket2fame.com, o suporte humano est\u00e1 no centro das nossas campanhas de marketing digital. Preferimos uma abordagem personalizada: nada de pacotes gen\u00e9ricos, mas configura\u00e7\u00f5es adaptadas ao seu perfil, setor e objetivos. O que fazemos por voc\u00ea: Consultoria dedicada antes e durante a campanha: escolha de volumes, ritmo e par\u00e2metros compat\u00edveis com a sua conta e restri\u00e7\u00f5es. Gerenciamento e monitoramento cont\u00ednuos: acompanhamos o progresso e ajustamos o ritmo (acelera\u00e7\u00e3o\/modula\u00e7\u00e3o) com base nas restri\u00e7\u00f5es do mundo real, nas necessidades do cliente e em nossos compromissos contratuais. Otimiza\u00e7\u00e3o pragm\u00e1tica: nossas equipes fazem ajustes t\u00e9cnicos recorrentes nas campanhas em andamento para maximizar a efic\u00e1cia da campanha de presen\u00e7a online, em linha com nossos compromissos contratuais e os interesses do cliente, sujeitos aos limites da plataforma do Instagram. Comunica\u00e7\u00e3o transparente: voc\u00ea pode entrar em contato conosco a qualquer momento por e-mail para verificar o progresso ou sugerir uma mudan\u00e7a no ritmo. Prazos de ajuste: certas mudan\u00e7as operacionais exigem um per\u00edodo de implementa\u00e7\u00e3o. A partir da data da sua solicita\u00e7\u00e3o, as mudan\u00e7as geralmente s\u00e3o levadas em considera\u00e7\u00e3o dentro de sete (7) dias corridos, um per\u00edodo que pode ser prorrogado se forem necess\u00e1rios esclarecimentos. Os prazos s\u00e3o indicativos e podem variar dependendo do per\u00edodo, da carga de trabalho e das restri\u00e7\u00f5es da plataforma Instagram.<\/p>\n<h2>3 pontos fortes da ag\u00eancia rocket2fame.com para comprar seguidores no Instagram<\/h2>\n<h3>Consultoria personalizada<\/h3>\n<p>Antes do lan\u00e7amento e ao longo da campanha, nossas equipes oferecem suporte com recomenda\u00e7\u00f5es personalizadas de acordo com seu perfil, setor e objetivos. Ajudamos a definir volumes, ritmos e configura\u00e7\u00f5es compat\u00edveis com sua conta para otimizar os resultados, respeitando suas restri\u00e7\u00f5es.<\/p>\n<h3>Supervis\u00e3o e ajustes humanos<\/h3>\n<p>Cada campanha \u00e9 monitorada e supervisionada por nossas equipes, que fazem ajustes regulares com base nos desenvolvimentos observados e nas especificidades da sua conta. Preferimos uma abordagem pragm\u00e1tica: acelera\u00e7\u00f5es, desacelera\u00e7\u00f5es ou altera\u00e7\u00f5es de par\u00e2metros podem ser aplicadas para garantir a fluidez e a efic\u00e1cia da promo\u00e7\u00e3o.<\/p>\n<h3>Comunica\u00e7\u00e3o e ritmo sob demanda<\/h3>\n<p>Voc\u00ea pode entrar em contato conosco a qualquer momento para solicitar acompanhamento ou propor ajustes no ritmo. Nossas equipes levam em considera\u00e7\u00e3o suas solicita\u00e7\u00f5es e implementam as altera\u00e7\u00f5es necess\u00e1rias dentro de prazos razo\u00e1veis (geralmente dentro de sete (7) dias corridos, salvo indica\u00e7\u00e3o em contr\u00e1rio). Essa comunica\u00e7\u00e3o cont\u00ednua nos permite adaptar a campanha \u00e0s suas necessidades, honrando nossos compromissos contratuais.<\/p>\n<p><strong>Informa\u00e7\u00e3o importante:<\/strong> Todos os nossos servi\u00e7os est\u00e3o sujeitos aos nossos Termos e Condi\u00e7\u00f5es, dispon\u00edveis aqui: <a href=\"https:\/\/www.rocket2fame.com\/terms\">https:\/\/www.rocket2fame.com\/terms<br \/>\n<\/a><\/p>","protected":false},"excerpt":{"rendered":"<ul>\n<li>Sem necessidade de senha<\/li>\n<li>Seguidores de alta qualidade<\/li>\n<li>Assist\u00eancia 7 dias por semana<\/li>\n<li>Entrega r\u00e1pida<\/li>\n<\/ul>","protected":false},"featured_media":489832,"template":"","meta":{"site-sidebar-layout":"default","site-content-layout":"default","ast-site-content-layout":"default","site-content-style":"default","site-sidebar-style":"default","ast-global-header-display":"","ast-banner-title-visibility":"","ast-main-header-display":"","ast-hfb-above-header-display":"","ast-hfb-below-header-display":"","ast-hfb-mobile-header-display":"","site-post-title":"","ast-breadcrumbs-content":"","ast-featured-img":"","footer-sml-layout":"","theme-transparent-header-meta":"default","adv-header-id-meta":"","stick-header-meta":"","header-above-stick-meta":"","header-main-stick-meta":"","header-below-stick-meta":"","astra-migrate-meta-layouts":"set","ast-page-background-enabled":"default","ast-page-background-meta":{"desktop":{"background-color":"var(--ast-global-color-5)","background-image":"","background-repeat":"repeat","background-position":"center center","background-size":"auto","background-attachment":"scroll","background-type":"","background-media":"","overlay-type":"","overlay-color":"","overlay-opacity":"","overlay-gradient":""},"tablet":{"background-color":"","background-image":"","background-repeat":"repeat","background-position":"center center","background-size":"auto","background-attachment":"scroll","background-type":"","background-media":"","overlay-type":"","overlay-color":"","overlay-opacity":"","overlay-gradient":""},"mobile":{"background-color":"","background-image":"","background-repeat":"repeat","background-position":"center center","background-size":"auto","background-attachment":"scroll","background-type":"","background-media":"","overlay-type":"","overlay-color":"","overlay-opacity":"","overlay-gradient":""}},"ast-content-background-meta":{"desktop":{"background-color":"var(--ast-global-color-4)","background-image":"","background-repeat":"repeat","background-position":"center center","background-size":"auto","background-attachment":"scroll","background-type":"","background-media":"","overlay-type":"","overlay-color":"","overlay-opacity":"","overlay-gradient":""},"tablet":{"background-color":"var(--ast-global-color-4)","background-image":"","background-repeat":"repeat","background-position":"center center","background-size":"auto","background-attachment":"scroll","background-type":"","background-media":"","overlay-type":"","overlay-color":"","overlay-opacity":"","overlay-gradient":""},"mobile":{"background-color":"var(--ast-global-color-4)","background-image":"","background-repeat":"repeat","background-position":"center center","background-size":"auto","background-attachment":"scroll","background-type":"","background-media":"","overlay-type":"","overlay-color":"","overlay-opacity":"","overlay-gradient":""}}},"product_brand":[],"product_cat":[40],"product_tag":[],"class_list":{"0":"post-490547","1":"product","2":"type-product","3":"status-publish","4":"has-post-thumbnail","6":"product_cat-instagram","7":"desktop-align-left","8":"tablet-align-left","9":"mobile-align-left","11":"first","12":"instock","13":"sold-individually","14":"shipping-taxable","15":"purchasable","16":"product-type-variable","17":"has-default-attributes"},"yoast_head":"<!-- This site is optimized with the Yoast SEO plugin v25.3.1 - https:\/\/yoast.com\/wordpress\/plugins\/seo\/ -->\n<title>[VIP] Male German Instagram Followers - Rocket2fame<\/title>\n<meta name=\"description\" content=\"Rocket2fame\" \/>\n<meta name=\"robots\" content=\"index, follow, max-snippet:-1, max-image-preview:large, max-video-preview:-1\" \/>\n<link rel=\"canonical\" href=\"https:\/\/www.rocket2fame.com\/pt\/services\/vip-male-german-instagram-followers\/\" \/>\n<meta property=\"og:locale\" content=\"pt_BR\" \/>\n<meta property=\"og:type\" content=\"article\" \/>\n<meta property=\"og:title\" content=\"[VIP] Male German Instagram Followers - Rocket2fame\" \/>\n<meta property=\"og:description\" content=\"Rocket2fame\" \/>\n<meta property=\"og:url\" content=\"https:\/\/www.rocket2fame.com\/pt\/services\/vip-male-german-instagram-followers\/\" \/>\n<meta property=\"og:site_name\" content=\"Rocket2fame\" \/>\n<meta property=\"article:modified_time\" content=\"2025-10-27T14:11:28+00:00\" \/>\n<meta property=\"og:image\" content=\"https:\/\/www.rocket2fame.com\/wp-content\/uploads\/2025\/07\/targeting.png\" \/>\n\t<meta property=\"og:image:width\" content=\"512\" \/>\n\t<meta property=\"og:image:height\" content=\"512\" \/>\n\t<meta property=\"og:image:type\" content=\"image\/png\" \/>\n<meta name=\"twitter:card\" content=\"summary_large_image\" \/>\n<meta name=\"twitter:label1\" content=\"Est. tempo de leitura\" \/>\n\t<meta name=\"twitter:data1\" content=\"5 minutos\" \/>\n<script type=\"application\/ld+json\" class=\"yoast-schema-graph\">{\"@context\":\"https:\/\/schema.org\",\"@graph\":[{\"@type\":\"WebPage\",\"@id\":\"https:\/\/www.rocket2fame.com\/services\/vip-male-german-instagram-followers\/\",\"url\":\"https:\/\/www.rocket2fame.com\/services\/vip-male-german-instagram-followers\/\",\"name\":\"[VIP] Male German Instagram Followers - Rocket2fame\",\"isPartOf\":{\"@id\":\"https:\/\/www.rocket2fame.com\/#website\"},\"primaryImageOfPage\":{\"@id\":\"https:\/\/www.rocket2fame.com\/services\/vip-male-german-instagram-followers\/#primaryimage\"},\"image\":{\"@id\":\"https:\/\/www.rocket2fame.com\/services\/vip-male-german-instagram-followers\/#primaryimage\"},\"thumbnailUrl\":\"https:\/\/www.rocket2fame.com\/wp-content\/uploads\/2025\/07\/targeting.png\",\"datePublished\":\"2025-07-27T04:19:58+00:00\",\"dateModified\":\"2025-10-27T14:11:28+00:00\",\"description\":\"Rocket2fame\",\"breadcrumb\":{\"@id\":\"https:\/\/www.rocket2fame.com\/services\/vip-male-german-instagram-followers\/#breadcrumb\"},\"inLanguage\":\"pt-BR\",\"potentialAction\":[{\"@type\":\"ReadAction\",\"target\":[\"https:\/\/www.rocket2fame.com\/services\/vip-male-german-instagram-followers\/\"]}]},{\"@type\":\"ImageObject\",\"inLanguage\":\"pt-BR\",\"@id\":\"https:\/\/www.rocket2fame.com\/services\/vip-male-german-instagram-followers\/#primaryimage\",\"url\":\"https:\/\/www.rocket2fame.com\/wp-content\/uploads\/2025\/07\/targeting.png\",\"contentUrl\":\"https:\/\/www.rocket2fame.com\/wp-content\/uploads\/2025\/07\/targeting.png\",\"width\":512,\"height\":512},{\"@type\":\"BreadcrumbList\",\"@id\":\"https:\/\/www.rocket2fame.com\/services\/vip-male-german-instagram-followers\/#breadcrumb\",\"itemListElement\":[{\"@type\":\"ListItem\",\"position\":1,\"name\":\"Accueil\",\"item\":\"https:\/\/www.rocket2fame.com\/\"},{\"@type\":\"ListItem\",\"position\":2,\"name\":\"Boutique\",\"item\":\"https:\/\/www.rocket2fame.com\/boutique\/\"},{\"@type\":\"ListItem\",\"position\":3,\"name\":\"[VIP] Male German Instagram Followers\"}]},{\"@type\":\"WebSite\",\"@id\":\"https:\/\/www.rocket2fame.com\/#website\",\"url\":\"https:\/\/www.rocket2fame.com\/\",\"name\":\"Rocket2fame\",\"description\":\"\",\"publisher\":{\"@id\":\"https:\/\/www.rocket2fame.com\/#organization\"},\"potentialAction\":[{\"@type\":\"SearchAction\",\"target\":{\"@type\":\"EntryPoint\",\"urlTemplate\":\"https:\/\/www.rocket2fame.com\/?s={search_term_string}\"},\"query-input\":{\"@type\":\"PropertyValueSpecification\",\"valueRequired\":true,\"valueName\":\"search_term_string\"}}],\"inLanguage\":\"pt-BR\"},{\"@type\":\"Organization\",\"@id\":\"https:\/\/www.rocket2fame.com\/#organization\",\"name\":\"Rocket2fame\",\"url\":\"https:\/\/www.rocket2fame.com\/\",\"logo\":{\"@type\":\"ImageObject\",\"inLanguage\":\"pt-BR\",\"@id\":\"https:\/\/www.rocket2fame.com\/#\/schema\/logo\/image\/\",\"url\":\"https:\/\/www.rocket2fame.com\/wp-content\/uploads\/2025\/07\/cropped-Logo.png\",\"contentUrl\":\"https:\/\/www.rocket2fame.com\/wp-content\/uploads\/2025\/07\/cropped-Logo.png\",\"width\":700,\"height\":233,\"caption\":\"Rocket2fame\"},\"image\":{\"@id\":\"https:\/\/www.rocket2fame.com\/#\/schema\/logo\/image\/\"}}]}<\/script>\n<!-- \/ Yoast SEO plugin. -->","yoast_head_json":{"title":"[VIP] Male German Instagram Followers - Rocket2fame","description":"Rocket2fame","robots":{"index":"index","follow":"follow","max-snippet":"max-snippet:-1","max-image-preview":"max-image-preview:large","max-video-preview":"max-video-preview:-1"},"canonical":"https:\/\/www.rocket2fame.com\/pt\/services\/vip-male-german-instagram-followers\/","og_locale":"pt_BR","og_type":"article","og_title":"[VIP] Male German Instagram Followers - Rocket2fame","og_description":"Rocket2fame","og_url":"https:\/\/www.rocket2fame.com\/pt\/services\/vip-male-german-instagram-followers\/","og_site_name":"Rocket2fame","article_modified_time":"2025-10-27T14:11:28+00:00","og_image":[{"width":512,"height":512,"url":"https:\/\/www.rocket2fame.com\/wp-content\/uploads\/2025\/07\/targeting.png","type":"image\/png"}],"twitter_card":"summary_large_image","twitter_misc":{"Est. tempo de leitura":"5 minutos"},"schema":{"@context":"https:\/\/schema.org","@graph":[{"@type":"WebPage","@id":"https:\/\/www.rocket2fame.com\/services\/vip-male-german-instagram-followers\/","url":"https:\/\/www.rocket2fame.com\/services\/vip-male-german-instagram-followers\/","name":"[VIP] Male German Instagram Followers - Rocket2fame","isPartOf":{"@id":"https:\/\/www.rocket2fame.com\/#website"},"primaryImageOfPage":{"@id":"https:\/\/www.rocket2fame.com\/services\/vip-male-german-instagram-followers\/#primaryimage"},"image":{"@id":"https:\/\/www.rocket2fame.com\/services\/vip-male-german-instagram-followers\/#primaryimage"},"thumbnailUrl":"https:\/\/www.rocket2fame.com\/wp-content\/uploads\/2025\/07\/targeting.png","datePublished":"2025-07-27T04:19:58+00:00","dateModified":"2025-10-27T14:11:28+00:00","description":"Rocket2fame","breadcrumb":{"@id":"https:\/\/www.rocket2fame.com\/services\/vip-male-german-instagram-followers\/#breadcrumb"},"inLanguage":"pt-BR","potentialAction":[{"@type":"ReadAction","target":["https:\/\/www.rocket2fame.com\/services\/vip-male-german-instagram-followers\/"]}]},{"@type":"ImageObject","inLanguage":"pt-BR","@id":"https:\/\/www.rocket2fame.com\/services\/vip-male-german-instagram-followers\/#primaryimage","url":"https:\/\/www.rocket2fame.com\/wp-content\/uploads\/2025\/07\/targeting.png","contentUrl":"https:\/\/www.rocket2fame.com\/wp-content\/uploads\/2025\/07\/targeting.png","width":512,"height":512},{"@type":"BreadcrumbList","@id":"https:\/\/www.rocket2fame.com\/services\/vip-male-german-instagram-followers\/#breadcrumb","itemListElement":[{"@type":"ListItem","position":1,"name":"Accueil","item":"https:\/\/www.rocket2fame.com\/"},{"@type":"ListItem","position":2,"name":"Boutique","item":"https:\/\/www.rocket2fame.com\/boutique\/"},{"@type":"ListItem","position":3,"name":"[VIP] Male German Instagram Followers"}]},{"@type":"WebSite","@id":"https:\/\/www.rocket2fame.com\/#website","url":"https:\/\/www.rocket2fame.com\/","name":"Rocket2fame","description":"","publisher":{"@id":"https:\/\/www.rocket2fame.com\/#organization"},"potentialAction":[{"@type":"SearchAction","target":{"@type":"EntryPoint","urlTemplate":"https:\/\/www.rocket2fame.com\/?s={search_term_string}"},"query-input":{"@type":"PropertyValueSpecification","valueRequired":true,"valueName":"search_term_string"}}],"inLanguage":"pt-BR"},{"@type":"Organization","@id":"https:\/\/www.rocket2fame.com\/#organization","name":"Rocket2fame","url":"https:\/\/www.rocket2fame.com\/","logo":{"@type":"ImageObject","inLanguage":"pt-BR","@id":"https:\/\/www.rocket2fame.com\/#\/schema\/logo\/image\/","url":"https:\/\/www.rocket2fame.com\/wp-content\/uploads\/2025\/07\/cropped-Logo.png","contentUrl":"https:\/\/www.rocket2fame.com\/wp-content\/uploads\/2025\/07\/cropped-Logo.png","width":700,"height":233,"caption":"Rocket2fame"},"image":{"@id":"https:\/\/www.rocket2fame.com\/#\/schema\/logo\/image\/"}}]}},"_links":{"self":[{"href":"https:\/\/www.rocket2fame.com\/pt\/wp-json\/wp\/v2\/product\/490547","targetHints":{"allow":["GET"]}}],"collection":[{"href":"https:\/\/www.rocket2fame.com\/pt\/wp-json\/wp\/v2\/product"}],"about":[{"href":"https:\/\/www.rocket2fame.com\/pt\/wp-json\/wp\/v2\/types\/product"}],"wp:featuredmedia":[{"embeddable":true,"href":"https:\/\/www.rocket2fame.com\/pt\/wp-json\/wp\/v2\/media\/489832"}],"wp:attachment":[{"href":"https:\/\/www.rocket2fame.com\/pt\/wp-json\/wp\/v2\/media?parent=490547"}],"wp:term":[{"taxonomy":"product_brand","embeddable":true,"href":"https:\/\/www.rocket2fame.com\/pt\/wp-json\/wp\/v2\/product_brand?post=490547"},{"taxonomy":"product_cat","embeddable":true,"href":"https:\/\/www.rocket2fame.com\/pt\/wp-json\/wp\/v2\/product_cat?post=490547"},{"taxonomy":"product_tag","embeddable":true,"href":"https:\/\/www.rocket2fame.com\/pt\/wp-json\/wp\/v2\/product_tag?post=490547"}],"curies":[{"name":"wp","href":"https:\/\/api.w.org\/{rel}","templated":true}]}}